{"id":1234,"date":"2014-05-06T14:32:14","date_gmt":"2014-05-06T14:32:14","guid":{"rendered":"http:\/\/stonebridge.ca\/?page_id=1234"},"modified":"2019-05-24T11:39:22","modified_gmt":"2019-05-24T15:39:22","slug":"gerer-consentement","status":"publish","type":"page","link":"https:\/\/stonebridge.ca\/fr\/gerer-consentement\/","title":{"rendered":"G\u00e9rer Consentement"},"content":{"rendered":"<p>Chez Stonebridge, nous nous engageons \u00e0 rendre du service exceptionnel \u00e0 nos clients, qui comprend le partage des nouvelles de Stonebridge ainsi que de l\u2019information du march\u00e9, soit par courriel soit par d\u2019autres moyens \u00e9lectroniques, qui sont \u00e0 la fois pertinentes et instructives. Si vous voulez recevoir des nouvelles, des communiqu\u00e9s et des annonces d\u2019\u00e9v\u00e9nement de notre part, veuillez vous abonner ci-dessous.<\/p>\n<h2 style=\"margin-bottom: 0;\">Souscrire<\/h2>\n<p>(*) champ obligatoire<br \/>\n\n<div class=\"wpcf7 no-js\" id=\"wpcf7-f2428-o1\" lang=\"en-US\" dir=\"ltr\">\n<div class=\"screen-reader-response\"><p role=\"status\" aria-live=\"polite\" aria-atomic=\"true\"><\/p> <ul><\/ul><\/div>\n<form action=\"\/fr\/wp-json\/wp\/v2\/pages\/1234#wpcf7-f2428-o1\" method=\"post\" class=\"wpcf7-form init\" aria-label=\"Contact form\" novalidate=\"novalidate\" data-status=\"init\">\n<div style=\"display: none;\">\n<input type=\"hidden\" name=\"_wpcf7\" value=\"2428\" \/>\n<input type=\"hidden\" name=\"_wpcf7_version\" value=\"5.9.3\" \/>\n<input type=\"hidden\" name=\"_wpcf7_locale\" value=\"en_US\" \/>\n<input type=\"hidden\" name=\"_wpcf7_unit_tag\" value=\"wpcf7-f2428-o1\" \/>\n<input type=\"hidden\" name=\"_wpcf7_container_post\" value=\"0\" \/>\n<input type=\"hidden\" name=\"_wpcf7_posted_data_hash\" value=\"\" \/>\n<input type=\"hidden\" name=\"_wpcf7_recaptcha_response\" value=\"\" \/>\n<\/div>\n<p>Votre Nom*\n<\/p>\n<p><span class=\"wpcf7-form-control-wrap\" data-name=\"your-name\"><input size=\"40\" class=\"wpcf7-form-control wpcf7-text wpcf7-validates-as-required\" aria-required=\"true\" aria-invalid=\"false\" value=\"\" type=\"text\" name=\"your-name\" \/><\/span>\n<\/p>\n<p>Votre Email*\n<\/p>\n<p><span class=\"wpcf7-form-control-wrap\" data-name=\"your-email\"><input size=\"40\" class=\"wpcf7-form-control wpcf7-email wpcf7-validates-as-required wpcf7-text wpcf7-validates-as-email\" aria-required=\"true\" aria-invalid=\"false\" value=\"\" type=\"email\" name=\"your-email\" \/><\/span>\n<\/p>\n<p><span class=\"wpcf7-form-control-wrap\" data-name=\"from\"><span class=\"wpcf7-form-control wpcf7-checkbox wpcf7-validates-as-required\"><span class=\"wpcf7-list-item first\"><label><input type=\"checkbox\" name=\"from[]\" value=\"Nouvelles et Annonces\" \/><span class=\"wpcf7-list-item-label\">Nouvelles et Annonces<\/span><\/label><\/span><span class=\"wpcf7-list-item last\"><label><input type=\"checkbox\" name=\"from[]\" value=\"Ev\u00e9nements\" \/><span class=\"wpcf7-list-item-label\">Ev\u00e9nements<\/span><\/label><\/span><\/span><\/span>\n<\/p>\n<p><input class=\"wpcf7-form-control wpcf7-submit has-spinner\" type=\"submit\" value=\"Envoyer\" \/>\n<\/p><div class=\"wpcf7-response-output\" aria-hidden=\"true\"><\/div>\n<\/form>\n<\/div>\n<\/p>\n<p>Chez Stonebridge, nous nous engageons \u00e0 cr\u00e9er un milieu professionnel pour nos clients en faisant en sorte que le sujet trait\u00e9 ainsi que la fr\u00e9quence des nouvelles, des communiqu\u00e9s et des annonces d\u2019\u00e9v\u00e9nement que nous transmettons soient pertinents et instructifs. N\u00e9anmoins, nous admettons que nos clients pr\u00e9f\u00e8rent de contr\u00f4ler eux-m\u00eames des messages et des courriels qui sont leur exp\u00e9di\u00e9s. Si vous ne souhaitez plus de recevoir de mail de notre part, vous pouvez vous d\u00e9sabonner ci \u2013dessous.<\/p>\n<h2 style=\"margin-bottom: 0;\">Se D\u00e9sabonner<\/h2>\n<p>(*) champ obligatoire<br \/>\n\n<div class=\"wpcf7 no-js\" id=\"wpcf7-f2430-o2\" lang=\"en-US\" dir=\"ltr\">\n<div class=\"screen-reader-response\"><p role=\"status\" aria-live=\"polite\" aria-atomic=\"true\"><\/p> <ul><\/ul><\/div>\n<form action=\"\/fr\/wp-json\/wp\/v2\/pages\/1234#wpcf7-f2430-o2\" method=\"post\" class=\"wpcf7-form init\" aria-label=\"Contact form\" novalidate=\"novalidate\" data-status=\"init\">\n<div style=\"display: none;\">\n<input type=\"hidden\" name=\"_wpcf7\" value=\"2430\" \/>\n<input type=\"hidden\" name=\"_wpcf7_version\" value=\"5.9.3\" \/>\n<input type=\"hidden\" name=\"_wpcf7_locale\" value=\"en_US\" \/>\n<input type=\"hidden\" name=\"_wpcf7_unit_tag\" value=\"wpcf7-f2430-o2\" \/>\n<input type=\"hidden\" name=\"_wpcf7_container_post\" value=\"0\" \/>\n<input type=\"hidden\" name=\"_wpcf7_posted_data_hash\" value=\"\" \/>\n<input type=\"hidden\" name=\"_wpcf7_recaptcha_response\" value=\"\" \/>\n<\/div>\n<p>Votre Nom*\n<\/p>\n<p><span class=\"wpcf7-form-control-wrap\" data-name=\"your-name\"><input size=\"40\" class=\"wpcf7-form-control wpcf7-text wpcf7-validates-as-required\" aria-required=\"true\" aria-invalid=\"false\" value=\"\" type=\"text\" name=\"your-name\" \/><\/span>\n<\/p>\n<p>Votre Email*\n<\/p>\n<p><span class=\"wpcf7-form-control-wrap\" data-name=\"your-email\"><input size=\"40\" class=\"wpcf7-form-control wpcf7-email wpcf7-validates-as-required wpcf7-text wpcf7-validates-as-email\" aria-required=\"true\" aria-invalid=\"false\" value=\"\" type=\"email\" name=\"your-email\" \/><\/span>\n<\/p>\n<p><span class=\"wpcf7-form-control-wrap\" data-name=\"from\"><span class=\"wpcf7-form-control wpcf7-checkbox wpcf7-validates-as-required\"><span class=\"wpcf7-list-item first\"><label><input type=\"checkbox\" name=\"from[]\" value=\"Nouvelles et Annonces\" \/><span class=\"wpcf7-list-item-label\">Nouvelles et Annonces<\/span><\/label><\/span><span class=\"wpcf7-list-item last\"><label><input type=\"checkbox\" name=\"from[]\" value=\"Ev\u00e9nements\" \/><span class=\"wpcf7-list-item-label\">Ev\u00e9nements<\/span><\/label><\/span><\/span><\/span>\n<\/p>\n<p>Commentaire\n<\/p>\n<p><span class=\"wpcf7-form-control-wrap\" data-name=\"your-message\"><textarea cols=\"40\" rows=\"10\" class=\"wpcf7-form-control wpcf7-textarea\" aria-invalid=\"false\" name=\"your-message\"><\/textarea><\/span>\n<\/p>\n<p><input class=\"wpcf7-form-control wpcf7-submit has-spinner\" type=\"submit\" value=\"Envoyer\" \/>\n<\/p><div class=\"wpcf7-response-output\" aria-hidden=\"true\"><\/div>\n<\/form>\n<\/div>\n<\/p>\n","protected":false},"excerpt":{"rendered":"<p>Chez Stonebridge, nous nous engageons \u00e0 rendre du service exceptionnel \u00e0 nos clients, qui comprend le partage des nouvelles de Stonebridge ainsi que de l\u2019information du march\u00e9, soit par courriel soit par d\u2019autres moyens \u00e9lectroniques, qui sont \u00e0 la fois &hellip; <a href=\"https:\/\/stonebridge.ca\/fr\/gerer-consentement\/\">Continue reading <span class=\"arrow\"><\/span><\/a><\/p>\n","protected":false},"author":1,"featured_media":0,"parent":0,"menu_order":0,"comment_status":"open","ping_status":"open","template":"page-news.php","meta":{"footnotes":"","_links_to":"","_links_to_target":""},"aioseo_notices":[],"_links":{"self":[{"href":"https:\/\/stonebridge.ca\/fr\/wp-json\/wp\/v2\/pages\/1234"}],"collection":[{"href":"https:\/\/stonebridge.ca\/fr\/wp-json\/wp\/v2\/pages"}],"about":[{"href":"https:\/\/stonebridge.ca\/fr\/wp-json\/wp\/v2\/types\/page"}],"author":[{"embeddable":true,"href":"https:\/\/stonebridge.ca\/fr\/wp-json\/wp\/v2\/users\/1"}],"replies":[{"embeddable":true,"href":"https:\/\/stonebridge.ca\/fr\/wp-json\/wp\/v2\/comments?post=1234"}],"version-history":[{"count":9,"href":"https:\/\/stonebridge.ca\/fr\/wp-json\/wp\/v2\/pages\/1234\/revisions"}],"predecessor-version":[{"id":2438,"href":"https:\/\/stonebridge.ca\/fr\/wp-json\/wp\/v2\/pages\/1234\/revisions\/2438"}],"wp:attachment":[{"href":"https:\/\/stonebridge.ca\/fr\/wp-json\/wp\/v2\/media?parent=1234"}],"curies":[{"name":"wp","href":"https:\/\/api.w.org\/{rel}","templated":true}]}}