{"id":180,"date":"2012-09-21T20:31:34","date_gmt":"2012-09-21T20:31:34","guid":{"rendered":"http:\/\/unixbox\/smoon\/stonebridge.ca\/?page_id=180"},"modified":"2023-06-12T11:04:16","modified_gmt":"2023-06-12T15:04:16","slug":"company-2","status":"publish","type":"page","link":"https:\/\/stonebridge.ca\/fr\/company-2\/","title":{"rendered":"L\u2019entreprise"},"content":{"rendered":"<p><strong>Chez Stonebridge<\/strong>, nous sommes fiers de notre capacit\u00e9 \u00e0 fournir des solutions sp\u00e9cialis\u00e9es en mati\u00e8re de financement :<\/p>\n<p>\u2022\u00a0\u00a0\u00a0\u00a0<a href=\"..\/services-2\/project-finance\">Financement de projet<\/a><br \/>\n\u2022\u00a0\u00a0\u00a0\u00a0<a href=\"..\/services-2\/structured-finance\/\">Financement structur\u00e9<\/a><br \/>\n\u2022\u00a0\u00a0\u00a0\u00a0<a href=\"..\/services-2\/bulk-lease-finance\/ \">Solutions de financement par cr\u00e9dit-bail de Stonebridge<\/a><br \/>\n\u2022\u00a0\u00a0\u00a0\u00a0<a href=\"http:\/\/stonebridge.ca\/fr\/services-2\/administrative-services\/\">Services de gestion de portefeuille<\/a><br \/>\n\u2022\u00a0\u00a0\u00a0\u00a0<a href=\"http:\/\/stonebridge.ca\/fr\/services-2\/advisory-services\/\">Services consultatifs<\/a><br \/>\n\u2022\u00a0\u00a0\u00a0\u00a0<a href=\"http:\/\/stonebridge.ca\/fr\/services-2\/private-debt-asset-management\/\">Gestion de titres de cr\u00e9ance priv\u00e9s Stonebridge<\/a><\/p>\n<p>Que vous recherchiez une structure de financement cr\u00e9ative pour d\u00e9velopper votre prochain projet, des solutions de titrisation novatrices pour financer votre portefeuille de cr\u00e9dit-bail, ou des services personnalis\u00e9s de gestion de portefeuille pour r\u00e9duire vos co\u00fbts de financement, Stonebridge a pour vous une solution sur mesure.<\/p>\n<p>Stonebridge est enregistr\u00e9e aupr\u00e8s de la Commission des valeurs mobili\u00e8res de l&rsquo;Ontario (CVMO) \u00e0 titre de courtier sur le march\u00e9 dispens\u00e9, de gestionnaire de portefeuille et de gestionnaire de fonds de placement.<\/p>\n<p><strong>LA PHILOSOPHIE DE STONEBRIDGE<\/strong><\/p>\n<p>L&rsquo;int\u00e9grit\u00e9, la confiance et l&rsquo;innovation sont les clefs de vo\u00fbte de la philosophie de Stonebridge pour la conception de solutions financi\u00e8res bien structur\u00e9es et de grande qualit\u00e9, dans divers march\u00e9s.<\/p>\n<p>Notre r\u00e9putation repose sur les relations solides que nous avons \u00e9tablies et entretenues avec nos clients et investisseurs institutionnels. Nous faisons tout pour renforcer et \u00e9largir ces relations en fournissant assid\u00fbment des r\u00e9sultats concluants et un service exceptionnel.<\/p>\n<p><a href=\"http:\/\/stonebridge.ca\/fr\/contact-us-2\/\">Pour nous joindre<\/a> d\u00e8s aujourd\u2019hui.<\/p>\n","protected":false},"excerpt":{"rendered":"<p>Chez Stonebridge, nous sommes fiers de notre capacit\u00e9 \u00e0 fournir des solutions sp\u00e9cialis\u00e9es en mati\u00e8re de financement : \u2022\u00a0\u00a0\u00a0\u00a0Financement de projet \u2022\u00a0\u00a0\u00a0\u00a0Financement structur\u00e9 \u2022\u00a0\u00a0\u00a0\u00a0Solutions de financement par cr\u00e9dit-bail de Stonebridge \u2022\u00a0\u00a0\u00a0\u00a0Services de gestion de portefeuille \u2022\u00a0\u00a0\u00a0\u00a0Services consultatifs \u2022\u00a0\u00a0\u00a0\u00a0Gestion de titres &hellip; <a href=\"https:\/\/stonebridge.ca\/fr\/company-2\/\">Continue reading <span class=\"arrow\"><\/span><\/a><\/p>\n","protected":false},"author":1,"featured_media":0,"parent":0,"menu_order":0,"comment_status":"open","ping_status":"open","template":"page-company.php","meta":{"footnotes":"","_links_to":"","_links_to_target":""},"aioseo_notices":[],"_links":{"self":[{"href":"https:\/\/stonebridge.ca\/fr\/wp-json\/wp\/v2\/pages\/180"}],"collection":[{"href":"https:\/\/stonebridge.ca\/fr\/wp-json\/wp\/v2\/pages"}],"about":[{"href":"https:\/\/stonebridge.ca\/fr\/wp-json\/wp\/v2\/types\/page"}],"author":[{"embeddable":true,"href":"https:\/\/stonebridge.ca\/fr\/wp-json\/wp\/v2\/users\/1"}],"replies":[{"embeddable":true,"href":"https:\/\/stonebridge.ca\/fr\/wp-json\/wp\/v2\/comments?post=180"}],"version-history":[{"count":24,"href":"https:\/\/stonebridge.ca\/fr\/wp-json\/wp\/v2\/pages\/180\/revisions"}],"predecessor-version":[{"id":2985,"href":"https:\/\/stonebridge.ca\/fr\/wp-json\/wp\/v2\/pages\/180\/revisions\/2985"}],"wp:attachment":[{"href":"https:\/\/stonebridge.ca\/fr\/wp-json\/wp\/v2\/media?parent=180"}],"curies":[{"name":"wp","href":"https:\/\/api.w.org\/{rel}","templated":true}]}}