{"id":213,"date":"2012-09-24T14:09:06","date_gmt":"2012-09-24T14:09:06","guid":{"rendered":"http:\/\/unixbox\/smoon\/stonebridge.ca\/?page_id=213"},"modified":"2023-02-17T15:25:18","modified_gmt":"2023-02-17T19:25:18","slug":"services-2","status":"publish","type":"page","link":"https:\/\/stonebridge.ca\/fr\/services-2\/","title":{"rendered":"Services"},"content":{"rendered":"<h2>Stonebridge offre de nombreux services financiers sp\u00e9cialement con\u00e7us pour satisfaire les besoins particuliers de financement de chacun de ses clients.<\/h2>\n<p><a href=\"https:\/\/stonebridge.ca\/fr\/services-2\/project-finance\/\"><strong>Financement de projet<br \/>\n<\/strong><\/a>Stonebridge offre un financement avec recours limit\u00e9 ou sans recours qui repose principalement sur les flux de tr\u00e9sorerie du projet pour le remboursement de la dette, les actifs du projet \u00e9tant d\u00e9tenus en garantie.<\/p>\n<p><a href=\"https:\/\/stonebridge.ca\/fr\/services-2\/structured-finance\/\"><strong>Financement structur\u00e9<br \/>\n<\/strong><\/a>Stonebridge fournit une diversit\u00e9 de solutions de financement structur\u00e9es, notamment pour le refinancement de dettes, les acquisitions d\u2019actifs et le financement d\u2019immeubles \u00e0 locataire de premier ordre.<\/p>\n<p><a href=\"https:\/\/stonebridge.ca\/fr\/services-2\/bulk-lease-finance\/\"><strong>Solutions de financement par cr\u00e9dit-bail de Stonebridge<br \/>\n<\/strong><\/a>Le financement priv\u00e9 de cr\u00e9dit-bail en vrac propose une m\u00e9thode simple et efficace pour financer et g\u00e9rer des portefeuilles de pr\u00eats adoss\u00e9s \u00e0 des actifs.<\/p>\n<p><strong><a href=\"\/fr\/services-2\/administrative-services\">Services de gestion<\/a><br \/>\n<\/strong>Stonebridge a \u00e9labor\u00e9 tout un \u00e9ventail de services administratifs destin\u00e9s \u00e0 offrir un processus simplifi\u00e9 et efficace pour g\u00e9rer diverses fonctions de financement pour divers types de projets.<\/p>\n<p><a href=\"https:\/\/stonebridge.ca\/fr\/services-2\/advisory-services\/\"><strong>Services consultatifs<br \/>\n<\/strong><\/a>Pour rehausser ses principales activit\u00e9s de financement et son expertise financi\u00e8re exhaustive, Stonebridge offre des services consultatifs en mati\u00e8re de finance et de strat\u00e9gie \u00e0 ses clients des secteurs public et priv\u00e9.<\/p>\n<p><a href=\"https:\/\/stonebridge.ca\/fr\/services-2\/private-debt-asset-management\/\"><strong>Gestion de titres de cr\u00e9ance priv\u00e9s<\/strong><\/a><br \/>\nAvec plus de 1,0\u00a0milliard de dollars d\u2019actifs sous gestion, Stonebridge offre aux investisseurs institutionnels l\u2019acc\u00e8s \u00e0 des titres de cr\u00e9ance priv\u00e9s canadiens de grande qualit\u00e9, caract\u00e9ris\u00e9s par des flux de tr\u00e9sorerie pr\u00e9visibles \u00e0 long terme et des rendements sup\u00e9rieurs ajust\u00e9s au risque.<\/p>\n","protected":false},"excerpt":{"rendered":"<p>Stonebridge offre de nombreux services financiers sp\u00e9cialement con\u00e7us pour satisfaire les besoins particuliers de financement de chacun de ses clients. Financement de projet Stonebridge offre un financement avec recours limit\u00e9 ou sans recours qui repose principalement sur les flux de &hellip; <a href=\"https:\/\/stonebridge.ca\/fr\/services-2\/\">Continue reading <span class=\"arrow\"><\/span><\/a><\/p>\n","protected":false},"author":1,"featured_media":0,"parent":0,"menu_order":0,"comment_status":"open","ping_status":"open","template":"page-services.php","meta":{"footnotes":"","_links_to":"","_links_to_target":""},"aioseo_notices":[],"_links":{"self":[{"href":"https:\/\/stonebridge.ca\/fr\/wp-json\/wp\/v2\/pages\/213"}],"collection":[{"href":"https:\/\/stonebridge.ca\/fr\/wp-json\/wp\/v2\/pages"}],"about":[{"href":"https:\/\/stonebridge.ca\/fr\/wp-json\/wp\/v2\/types\/page"}],"author":[{"embeddable":true,"href":"https:\/\/stonebridge.ca\/fr\/wp-json\/wp\/v2\/users\/1"}],"replies":[{"embeddable":true,"href":"https:\/\/stonebridge.ca\/fr\/wp-json\/wp\/v2\/comments?post=213"}],"version-history":[{"count":22,"href":"https:\/\/stonebridge.ca\/fr\/wp-json\/wp\/v2\/pages\/213\/revisions"}],"predecessor-version":[{"id":2941,"href":"https:\/\/stonebridge.ca\/fr\/wp-json\/wp\/v2\/pages\/213\/revisions\/2941"}],"wp:attachment":[{"href":"https:\/\/stonebridge.ca\/fr\/wp-json\/wp\/v2\/media?parent=213"}],"curies":[{"name":"wp","href":"https:\/\/api.w.org\/{rel}","templated":true}]}}