{"id":219,"date":"2012-09-17T20:09:24","date_gmt":"2012-09-17T20:09:24","guid":{"rendered":"http:\/\/unixbox\/smoon\/stonebridge.ca\/company-2\/the-difference\/"},"modified":"2015-03-23T20:14:21","modified_gmt":"2015-03-23T20:14:21","slug":"the-difference","status":"publish","type":"page","link":"https:\/\/stonebridge.ca\/fr\/company-2\/the-difference\/","title":{"rendered":"La diff\u00e9rence"},"content":{"rendered":"<h2>Sachant que chacun de nos clients est unique, notre \u00e9quipe de sp\u00e9cialistes collabore \u00e9troitement avec chaque client pour offrir des solutions de financement bien structur\u00e9es et personnalis\u00e9es.<\/h2>\n<p>Qu\u2019avons-nous de diff\u00e9rent?<\/p>\n<p><strong>Notre personnel<\/strong><br \/>\nUne \u00e9quipe de professionnels sp\u00e9cialis\u00e9e en financement de cr\u00e9dit-bail en vrac, en financement de projet et en gestion de portefeuille, et poss\u00e9dant une exp\u00e9rience consid\u00e9rable de l\u2019industrie et des march\u00e9s.<\/p>\n<p><strong>Les r\u00e9sultats<\/strong><br \/>\nUn engagement \u00e0 ex\u00e9cuter des transactions bien structur\u00e9es et de grande qualit\u00e9 sur le march\u00e9 institutionnel.<\/p>\n<p><strong>L\u2019acc\u00e8s<\/strong><br \/>\nUn solide r\u00e9seau de financement\u00a0 d\u2019investisseurs institutionnels, y compris le Fonds de financement d&rsquo;infrastructures par emprunt Stonebridge<\/p>\n<p><strong>Les services<\/strong><br \/>\nUne gamme compl\u00e8te de services de gestion qui fait de nous un point d\u2019acc\u00e8s \u00ab centralis\u00e9 \u00bb pour nos clients<\/p>\n<p><strong>La flexibilit\u00e9<\/strong><br \/>\nUne r\u00e9ponse adapt\u00e9e et sensible aux possibilit\u00e9s de transactions financi\u00e8res, peu importe leur ampleur<\/p>\n<p><strong>La s\u00e9curit\u00e9<\/strong><br \/>\nUne source fiable pour le paiement, le d\u00e9p\u00f4t de titres, les services d&rsquo;entiercement.<\/p>\n<p><a href=\"http:\/\/stonebridge.ca\/fr\/contact-us-2\/\">Pour nous joindre <\/a>d\u00e8s aujourd\u2019hui.<\/p>\n","protected":false},"excerpt":{"rendered":"<p>Sachant que chacun de nos clients est unique, notre \u00e9quipe de sp\u00e9cialistes collabore \u00e9troitement avec chaque client pour offrir des solutions de financement bien structur\u00e9es et personnalis\u00e9es. Qu\u2019avons-nous de diff\u00e9rent? Notre personnel Une \u00e9quipe de professionnels sp\u00e9cialis\u00e9e en financement de &hellip; <a href=\"https:\/\/stonebridge.ca\/fr\/company-2\/the-difference\/\">Continue reading <span class=\"arrow\"><\/span><\/a><\/p>\n","protected":false},"author":1,"featured_media":0,"parent":180,"menu_order":0,"comment_status":"open","ping_status":"open","template":"page-company.php","meta":{"footnotes":"","_links_to":"","_links_to_target":""},"aioseo_notices":[],"_links":{"self":[{"href":"https:\/\/stonebridge.ca\/fr\/wp-json\/wp\/v2\/pages\/219"}],"collection":[{"href":"https:\/\/stonebridge.ca\/fr\/wp-json\/wp\/v2\/pages"}],"about":[{"href":"https:\/\/stonebridge.ca\/fr\/wp-json\/wp\/v2\/types\/page"}],"author":[{"embeddable":true,"href":"https:\/\/stonebridge.ca\/fr\/wp-json\/wp\/v2\/users\/1"}],"replies":[{"embeddable":true,"href":"https:\/\/stonebridge.ca\/fr\/wp-json\/wp\/v2\/comments?post=219"}],"version-history":[{"count":12,"href":"https:\/\/stonebridge.ca\/fr\/wp-json\/wp\/v2\/pages\/219\/revisions"}],"predecessor-version":[{"id":1459,"href":"https:\/\/stonebridge.ca\/fr\/wp-json\/wp\/v2\/pages\/219\/revisions\/1459"}],"up":[{"embeddable":true,"href":"https:\/\/stonebridge.ca\/fr\/wp-json\/wp\/v2\/pages\/180"}],"wp:attachment":[{"href":"https:\/\/stonebridge.ca\/fr\/wp-json\/wp\/v2\/media?parent=219"}],"curies":[{"name":"wp","href":"https:\/\/api.w.org\/{rel}","templated":true}]}}