{"id":220,"date":"2012-09-17T20:11:39","date_gmt":"2012-09-17T20:11:39","guid":{"rendered":"http:\/\/unixbox\/smoon\/stonebridge.ca\/company-2\/senior-management-team\/"},"modified":"2023-10-30T09:04:31","modified_gmt":"2023-10-30T13:04:31","slug":"senior-management-team","status":"publish","type":"page","link":"https:\/\/stonebridge.ca\/fr\/company-2\/senior-management-team\/","title":{"rendered":"\u00c9quipe de la haute direction"},"content":{"rendered":"<h2>Notre \u00e9quipe de la haute direction<\/h2>\n<p><a class=\"linkGray\" href=\"#link2\">Robert M. Colliver<\/a><br \/>\n<a class=\"linkGray\" href=\"#link4\">Cam Di Giorgio<\/a><br \/>\n<a class=\"linkGray\" href=\"#link5\">Daniel Simunac<\/a><br \/>\n<a class=\"linkGray\" href=\"#link3\">Darrell Salter<\/a><br \/>\n<a class=\"linkGray\" href=\"#link7\">Cormac Mac Lochlainn<\/a><br \/>\n<a class=\"linkGray\" href=\"#link14\">Rishi Gehi<\/a><br \/>\n<a class=\"linkGray\" href=\"#link16\">Angela Valdes<\/a><\/p>\n<p>C\u2019est notre personnel qui fait toute la diff\u00e9rence. L&rsquo;\u00e9quipe de Stonebridge offre une vaste exp\u00e9rience et des comp\u00e9tences diverses qui nous permettent de structurer et de fournir des solutions de financement innovantes.<\/p>\n<div class=\"line_gray\"><\/div>\n<p><a name=\"link2\"><\/a><strong>Robert M. Colliver, pr\u00e9sident directeur<\/strong><\/p>\n<p>M. Colliver a cofond\u00e9 Stonebridge en 1999. Au cours de sa carri\u00e8re, il a notamment travaill\u00e9 \u00e0 diff\u00e9rentes solutions de financement commercial et d\u2019entreprise dans les secteurs de l\u2019\u00e9nergie renouvelable, des infrastructures (y compris les partenariats public-priv\u00e9), de l\u2019h\u00e9bergement des personnes \u00e2g\u00e9es et des soins de longue dur\u00e9e, du financement par cr\u00e9dit-bail et de la titrisation de l\u2019\u00e9quipement, des obligations hypoth\u00e9caires et du cr\u00e9dit immobilier garanti par des baux. <\/p>\n<p>Avant de travailler \u00e0 Stonebridge, il a occup\u00e9 diff\u00e9rents postes \u00e0 la Banque Continentale du Canada et \u00e0 la Banque de Montr\u00e9al, avant de se joindre \u00e0 la Mutuelle du Canada en tant que vice-pr\u00e9sident aux placements. <\/p>\n<p>Il est titulaire d\u2019un baccalaur\u00e9at \u00e8s sciences de l\u2019Universit\u00e9 de Guelph et d\u2019une ma\u00eetrise en administration des affaires de l\u2019Universit\u00e9 McMaster, et il d\u00e9tient le titre de CFA.<\/p>\n<div class=\"line_gray\"><\/div>\n<p><a name=\"link4\"><\/a><strong>Cam Di Giorgio, cochef de la direction<\/strong><\/p>\n<p>Cam s\u2019est joint \u00e0 Stonebridge en 2009. Il dirige les activit\u00e9s de financement de projets de l\u2019entreprise dans les domaines de l\u2019\u00e9nergie renouvelable, de l\u2019infrastructure et des soins de longue dur\u00e9e dans le secteur de l\u2019h\u00e9bergement des personnes \u00e2g\u00e9es. Son \u00e9quipe est impliqu\u00e9e dans la conception, la structuration et la syndication de financements pour et au nom de divers investisseurs institutionnels. <\/p>\n<p>Avant de travailler \u00e0 Stonebridge, Cam a occup\u00e9 des postes de direction aux responsabilit\u00e9s croissantes \u00e0 la Financi\u00e8re Sun Life, CIT Structured Finance, Newcourt Capital et Canada Vie. <\/p>\n<p>Il est titulaire d\u2019un baccalaur\u00e9at \u00e8s arts (York) et d\u2019une ma\u00eetrise en administration des affaires de l\u2019Universit\u00e9 McMaster.<\/p>\n<div class=\"line_gray\"><\/div>\n<p><a name=\"link5\"><\/a><strong>Daniel Simunac, cochef de la direction<\/strong><\/p>\n<p>Daniel s\u2019est joint \u00e0 Stonebridge en juin 2023. Il se sp\u00e9cialise dans les pr\u00eats aux emprunteurs commerciaux et institutionnels, en mettant l\u2019accent sur l\u2019immobilier et les soci\u00e9t\u00e9s de placement immobilier, l\u2019\u00e9nergie renouvelable et l\u2019infrastructure, ainsi que les soci\u00e9t\u00e9s diversifi\u00e9es d\u00e9tenues par leurs fondateurs, cot\u00e9es en bourse et soutenues par des promoteurs. <\/p>\n<p>Avant de travailler \u00e0 Stonebridge, Daniel a \u00e9t\u00e9 agent principal et chef national \u00e0 la Raymond James Bank et \u00e0 la Allied Irish Bank au Canada. Il a \u00e9galement occup\u00e9 diff\u00e9rents postes \u00e0 Valeurs Mobili\u00e8res TD (Banque TD), \u00e0 la Financi\u00e8re Sun Life et \u00e0 Travelers Canada. <\/p>\n<p>Il est titulaire d\u2019un baccalaur\u00e9at en architecture de l\u2019Universit\u00e9 Ryerson, d\u2019une ma\u00eetrise en administration des affaires de la Schulich School of Business (York) et d\u2019un dipl\u00f4me de l\u2019Institute of Corporate Directors (ICD.D) de la Rotman School of Management (Toronto).<\/p>\n<div class=\"line_gray\"><\/div>\n<p><a name=\"link3\"><\/a><strong>Darrell Salter, vice-pr\u00e9sident directeur, chef de l\u2019exploitation et chef de la conformit\u00e9<\/strong><\/p>\n<p>Darrell s\u2019est joint \u00e0 Stonebridge en 2002. Il supervise notamment les aspects administratifs du cabinet touchant les op\u00e9rations de l\u2019entreprise, les rapports r\u00e9glementaires et la conformit\u00e9, la comptabilit\u00e9 et la tr\u00e9sorerie.<\/p>\n<p>Avant de se joindre \u00e0 Stonebridge, Darrell a occup\u00e9 des postes de direction aux responsabilit\u00e9s croissantes au sein des services bancaires commerciaux d\u2019une grande banque canadienne. <\/p>\n<p>Il est titulaire d\u2019un baccalaur\u00e9at \u00e8s arts (avec distinction) de l\u2019Universit\u00e9 Western et d\u2019un baccalaur\u00e9at en commerce et d\u2019une ma\u00eetrise en administration des affaires de l\u2019Odette School of Business (Windsor). Il est \u00e9galement gestionnaire de placements agr\u00e9\u00e9 (CIM) et un Fellow de l\u2019Institut canadien des valeurs mobili\u00e8res.<\/p>\n<div class=\"line_gray\"><\/div>\n<p><a name=\"link7\"><\/a><strong>Cormac Mac Lochlainn, vice-pr\u00e9sident directeur<\/strong><\/p>\n<p>Cormac s\u2019est joint \u00e0 Stonebridge en juin 2023. Il se sp\u00e9cialise dans les pr\u00eats aux emprunteurs commerciaux et institutionnels, et plus particuli\u00e8rement dans le flux de tr\u00e9sorerie, financement \u00e0 effet de levier et le financement sp\u00e9cialis\u00e9, l\u2019immobilier, l\u2019\u00e9nergie renouvelable et l\u2019infrastructure, et le financement de projets. <\/p>\n<p>Avant de travailler \u00e0 Stonebridge, Cormac a occup\u00e9 des postes de direction aux responsabilit\u00e9s croissantes dans le domaine des services bancaires aux entreprises \u00e0 la Raymond James Bank Canada et \u00e0 la Allied Irish Bank North America. Il a commenc\u00e9 sa carri\u00e8re en recherche sur les actions chez Smith Barney (maintenant Morgan Stanley). <\/p>\n<p>Il est titulaire d\u2019un baccalaur\u00e9at \u00e8s arts (\u00e9conomie) et d\u2019une ma\u00eetrise en sciences \u00e9conomiques de l\u2019University College de Dublin, en Irlande, et il d\u00e9tient le titre de CFA.<\/p>\n<div class=\"line_gray\"><\/div>\n<p><a name=\"link14\"><\/a><strong>Rishi Gehi, MFin, CFA<\/strong><br \/>\nVice-pr\u00e9sident, Financement de projets<\/p>\n<p>Rishi a rejoint Stonebridge en 2013 et a occup\u00e9 plusieurs postes progressives au sein de la soci\u00e9t\u00e9 et plus r\u00e9cemment en tant que Vice-pr\u00e9sident, Financement de projets. Rishi a contribu\u00e9 \u00e0 r\u00e9pondre aux march\u00e9s publics et \u00e0 obtenir des financements engag\u00e9s pour divers projets, notamment des transactions P3 \/ AFP dans les secteurs de la sant\u00e9, des infrastructures sociales, transports et des services publics. Pendant son temps \u00e0 Stonebridge, Rishi a jou\u00e9 un r\u00f4le d\u00e9terminant dans la cr\u00e9ation de nouvelles opportunit\u00e9s de financement sur le march\u00e9 nord-am\u00e9ricain des infrastructures et a contribu\u00e9 \u00e0 s\u00e9curiser et \u00e0 entretenir de nombreuses relations pour Stonebridge dans le secteur.<\/p>\n<p>Avant de se joindre \u00e0 Stonebridge, Rishi travaillait dans les pr\u00eats aux grandes entreprises aupr\u00e8s d\u2019une banque \u00e0 charte canadienne de l\u2019annexe I. En plus de son exp\u00e9rience professionnelle, Rishi a obtenu un baccalaur\u00e9at en administration des affaires de Schulich School of Business \u00e0 l\u2019Universit\u00e9 York, une ma\u00eetrise en finance de l\u2019Universit\u00e9 Queen\u2019s et le titre d\u2019analyste financier agr\u00e9\u00e9 (CFA).<\/p>\n<div class=\"line_gray\"><\/div>\n<p><a name=\"link16\"><\/a><strong>Angela Valdes<\/strong><br \/>\nVice-pr\u00e9sidente, Gestion de titres de cr\u00e9ance priv\u00e9s<\/p>\n<p>Angela\u00a0Valdes s\u2019est jointe \u00e0 Stonebridge en\u00a02014 au sein de l\u2019\u00e9quipe de gestion de portefeuille, o\u00f9 elle a contribu\u00e9 \u00e0 g\u00e9rer un portefeuille d\u2019investissements destin\u00e9s au financement de projets. En 2016, elle joint l\u2019\u00e9quipe de gestion des actifs pour appuyer les fonctions d\u2019\u00e9valuation et de production de rapports de l\u2019unit\u00e9, et a depuis gravi progressivement les \u00e9chelons de la compagnie jusqu\u2019\u00e0 faire partie de l\u2019\u00e9quipe de la haute direction.<\/p>\n<p>En tant que Vice-pr\u00e9sidente, Gestion de titres de cr\u00e9ance priv\u00e9s, Angela est responsable de l\u2019\u00e9valuation et de la recommandation de nouvelles possibilit\u00e9s d\u2019investissement pour les fonds de financement d\u2019infrastructure de Stonebridge et les comptes g\u00e9r\u00e9s s\u00e9par\u00e9ment. Elle dirige \u00e9galement la gestion du portefeuille connexe et la production de rapports et de communications aux investisseurs, ainsi que les affaires de collecte des fonds de financement.<\/p>\n<p>Avant de se joindre \u00e0 Stonebridge, Angela a travaill\u00e9 pendant plusieurs ann\u00e9es dans le secteur des services bancaires aux entreprises pour le groupe financier Banorte. Elle d\u00e9tient une ma\u00eetrise en administration des affaires de l\u2019Universit\u00e9 d\u2019Ottawa, ainsi qu\u2019une ma\u00eetrise en finances de l\u2019Universidad Regiomontana.<\/p>\n","protected":false},"excerpt":{"rendered":"<p>Notre \u00e9quipe de la haute direction Robert M. Colliver Cam Di Giorgio Daniel Simunac Darrell Salter Cormac Mac Lochlainn Rishi Gehi Angela Valdes C\u2019est notre personnel qui fait toute la diff\u00e9rence. L&rsquo;\u00e9quipe de Stonebridge offre une vaste exp\u00e9rience et des &hellip; <a href=\"https:\/\/stonebridge.ca\/fr\/company-2\/senior-management-team\/\">Continue reading <span class=\"arrow\"><\/span><\/a><\/p>\n","protected":false},"author":1,"featured_media":0,"parent":180,"menu_order":1,"comment_status":"open","ping_status":"open","template":"page-company.php","meta":{"footnotes":"","_links_to":"","_links_to_target":""},"aioseo_notices":[],"_links":{"self":[{"href":"https:\/\/stonebridge.ca\/fr\/wp-json\/wp\/v2\/pages\/220"}],"collection":[{"href":"https:\/\/stonebridge.ca\/fr\/wp-json\/wp\/v2\/pages"}],"about":[{"href":"https:\/\/stonebridge.ca\/fr\/wp-json\/wp\/v2\/types\/page"}],"author":[{"embeddable":true,"href":"https:\/\/stonebridge.ca\/fr\/wp-json\/wp\/v2\/users\/1"}],"replies":[{"embeddable":true,"href":"https:\/\/stonebridge.ca\/fr\/wp-json\/wp\/v2\/comments?post=220"}],"version-history":[{"count":71,"href":"https:\/\/stonebridge.ca\/fr\/wp-json\/wp\/v2\/pages\/220\/revisions"}],"predecessor-version":[{"id":3096,"href":"https:\/\/stonebridge.ca\/fr\/wp-json\/wp\/v2\/pages\/220\/revisions\/3096"}],"up":[{"embeddable":true,"href":"https:\/\/stonebridge.ca\/fr\/wp-json\/wp\/v2\/pages\/180"}],"wp:attachment":[{"href":"https:\/\/stonebridge.ca\/fr\/wp-json\/wp\/v2\/media?parent=220"}],"curies":[{"name":"wp","href":"https:\/\/api.w.org\/{rel}","templated":true}]}}