{"id":225,"date":"2012-09-17T20:19:27","date_gmt":"2012-09-17T20:19:27","guid":{"rendered":"http:\/\/unixbox\/smoon\/stonebridge.ca\/services-2\/project-finance\/"},"modified":"2014-08-14T18:31:59","modified_gmt":"2014-08-14T18:31:59","slug":"project-finance","status":"publish","type":"page","link":"https:\/\/stonebridge.ca\/fr\/services-2\/project-finance\/","title":{"rendered":"Financement de projet"},"content":{"rendered":"<h2>Les transactions de financement de projet offrent la souplesse d&rsquo;une structure financi\u00e8re personnalis\u00e9e, particuli\u00e8re \u00e0 chaque projet, con\u00e7ue pour optimiser la valeur \u00e9conomique et le rendement des investissements. Les sp\u00e9cialistes chevronn\u00e9s de Stonebridge et nos collaborations importantes avec de nombreuses institutions financi\u00e8res nous ont permis d\u2019organiser avec succ\u00e8s le financement de projets dans divers secteurs, essentiellement la sant\u00e9, l&rsquo;\u00e9nergie et les infrastructures, et les march\u00e9s priv\u00e9s.<\/h2>\n<p>Les principaux avantages comprennent :<\/p>\n<p>\u2022 Le non-recours ou le recours limit\u00e9 au promoteur du projet<br \/>\n\u2022 La maximisation du levier financier par rapport au financement conventionnel<br \/>\n\u2022 La possibilit\u00e9 de traitement hors bilan selon une structure en entit\u00e9 ad hoc<br \/>\n\u2022 La combinaison du financement de la construction et du pr\u00eat hypoth\u00e9caire post-construction<br \/>\n\u2022 Les possibilit\u00e9s de taux d&rsquo;int\u00e9r\u00eat fixes ou variables<br \/>\n\u2022 Les options de taux d&rsquo;int\u00e9r\u00eat fixes \u00e0 long terme pour r\u00e9duire les risques de refinancement<\/p>\n<p>Stonebridge a \u00e9galement fourni des services consultatifs financiers pour plusieurs projets d\u2019\u00e9nergie, au Canada et \u00e0 l\u2019\u00e9tranger.<\/p>\n<p><a href=\"http:\/\/stonebridge.ca\/fr\/contact-us-2\/\">Pour nous joindre <\/a>ou pour en savoir plus.<\/p>\n","protected":false},"excerpt":{"rendered":"<p>Les transactions de financement de projet offrent la souplesse d&rsquo;une structure financi\u00e8re personnalis\u00e9e, particuli\u00e8re \u00e0 chaque projet, con\u00e7ue pour optimiser la valeur \u00e9conomique et le rendement des investissements. Les sp\u00e9cialistes chevronn\u00e9s de Stonebridge et nos collaborations importantes avec de nombreuses &hellip; <a href=\"https:\/\/stonebridge.ca\/fr\/services-2\/project-finance\/\">Continue reading <span class=\"arrow\"><\/span><\/a><\/p>\n","protected":false},"author":1,"featured_media":0,"parent":213,"menu_order":0,"comment_status":"open","ping_status":"open","template":"page-services.php","meta":{"footnotes":"","_links_to":"","_links_to_target":""},"aioseo_notices":[],"_links":{"self":[{"href":"https:\/\/stonebridge.ca\/fr\/wp-json\/wp\/v2\/pages\/225"}],"collection":[{"href":"https:\/\/stonebridge.ca\/fr\/wp-json\/wp\/v2\/pages"}],"about":[{"href":"https:\/\/stonebridge.ca\/fr\/wp-json\/wp\/v2\/types\/page"}],"author":[{"embeddable":true,"href":"https:\/\/stonebridge.ca\/fr\/wp-json\/wp\/v2\/users\/1"}],"replies":[{"embeddable":true,"href":"https:\/\/stonebridge.ca\/fr\/wp-json\/wp\/v2\/comments?post=225"}],"version-history":[{"count":16,"href":"https:\/\/stonebridge.ca\/fr\/wp-json\/wp\/v2\/pages\/225\/revisions"}],"predecessor-version":[{"id":1315,"href":"https:\/\/stonebridge.ca\/fr\/wp-json\/wp\/v2\/pages\/225\/revisions\/1315"}],"up":[{"embeddable":true,"href":"https:\/\/stonebridge.ca\/fr\/wp-json\/wp\/v2\/pages\/213"}],"wp:attachment":[{"href":"https:\/\/stonebridge.ca\/fr\/wp-json\/wp\/v2\/media?parent=225"}],"curies":[{"name":"wp","href":"https:\/\/api.w.org\/{rel}","templated":true}]}}