{"id":226,"date":"2012-09-18T17:26:42","date_gmt":"2012-09-18T17:26:42","guid":{"rendered":"http:\/\/unixbox\/smoon\/stonebridge.ca\/services-2\/project-finance\/energy\/"},"modified":"2015-03-23T20:15:23","modified_gmt":"2015-03-23T20:15:23","slug":"energy","status":"publish","type":"page","link":"https:\/\/stonebridge.ca\/fr\/services-2\/project-finance\/energy\/","title":{"rendered":"\u00c9nergie"},"content":{"rendered":"<h2>Gr\u00e2ce \u00e0 son expertise technique ainsi qu\u2019\u00e0 sa connaissance de l\u2019industrie, Stonebridge a organis\u00e9 avec succ\u00e8s le financement de projets \u00e9nerg\u00e9tiques de toutes tailles dans les secteurs suivants :<\/h2>\n<p>\u2022\u00a0\u00a0\u00a0\u00a0\u00c9nergie hydro\u00e9lectrique<br \/>\n\u2022\u00a0\u00a0\u00a0\u00a0Cog\u00e9n\u00e9ration au gaz naturel<br \/>\n\u2022\u00a0\u00a0\u00a0\u00a0Biogaz<br \/>\n\u2022\u00a0\u00a0\u00a0\u00a0Biomasse<br \/>\n\u2022\u00a0\u00a0\u00a0\u00a0\u00c9nergie \u00e9olienne<br \/>\n\u2022\u00a0\u00a0\u00a0\u00a0\u00c9nergie solaire<br \/>\n\u2022\u00a0\u00a0\u00a0\u00a0P\u00e9trole et gaz<\/p>\n<p>Stonebridge a \u00e9galement fourni des services consultatifs financiers pour plusieurs projets d\u2019\u00e9nergie, au Canada et \u00e0 l\u2019\u00e9tranger.<\/p>\n<p><a href=\"http:\/\/stonebridge.ca\/fr\/contact-us-2\/\">Pour nous joindre<\/a> ou pour en savoir plus.<\/p>\n","protected":false},"excerpt":{"rendered":"<p>Gr\u00e2ce \u00e0 son expertise technique ainsi qu\u2019\u00e0 sa connaissance de l\u2019industrie, Stonebridge a organis\u00e9 avec succ\u00e8s le financement de projets \u00e9nerg\u00e9tiques de toutes tailles dans les secteurs suivants : \u2022\u00a0\u00a0\u00a0\u00a0\u00c9nergie hydro\u00e9lectrique \u2022\u00a0\u00a0\u00a0\u00a0Cog\u00e9n\u00e9ration au gaz naturel \u2022\u00a0\u00a0\u00a0\u00a0Biogaz \u2022\u00a0\u00a0\u00a0\u00a0Biomasse \u2022\u00a0\u00a0\u00a0\u00a0\u00c9nergie \u00e9olienne \u2022\u00a0\u00a0\u00a0\u00a0\u00c9nergie &hellip; <a href=\"https:\/\/stonebridge.ca\/fr\/services-2\/project-finance\/energy\/\">Continue reading <span class=\"arrow\"><\/span><\/a><\/p>\n","protected":false},"author":1,"featured_media":0,"parent":225,"menu_order":0,"comment_status":"open","ping_status":"open","template":"page-services.php","meta":{"footnotes":"","_links_to":"","_links_to_target":""},"aioseo_notices":[],"_links":{"self":[{"href":"https:\/\/stonebridge.ca\/fr\/wp-json\/wp\/v2\/pages\/226"}],"collection":[{"href":"https:\/\/stonebridge.ca\/fr\/wp-json\/wp\/v2\/pages"}],"about":[{"href":"https:\/\/stonebridge.ca\/fr\/wp-json\/wp\/v2\/types\/page"}],"author":[{"embeddable":true,"href":"https:\/\/stonebridge.ca\/fr\/wp-json\/wp\/v2\/users\/1"}],"replies":[{"embeddable":true,"href":"https:\/\/stonebridge.ca\/fr\/wp-json\/wp\/v2\/comments?post=226"}],"version-history":[{"count":11,"href":"https:\/\/stonebridge.ca\/fr\/wp-json\/wp\/v2\/pages\/226\/revisions"}],"predecessor-version":[{"id":1461,"href":"https:\/\/stonebridge.ca\/fr\/wp-json\/wp\/v2\/pages\/226\/revisions\/1461"}],"up":[{"embeddable":true,"href":"https:\/\/stonebridge.ca\/fr\/wp-json\/wp\/v2\/pages\/225"}],"wp:attachment":[{"href":"https:\/\/stonebridge.ca\/fr\/wp-json\/wp\/v2\/media?parent=226"}],"curies":[{"name":"wp","href":"https:\/\/api.w.org\/{rel}","templated":true}]}}