{"id":227,"date":"2012-09-18T17:39:07","date_gmt":"2012-09-18T17:39:07","guid":{"rendered":"http:\/\/unixbox\/smoon\/stonebridge.ca\/services-2\/project-finance\/infrastructure\/"},"modified":"2018-10-24T05:05:43","modified_gmt":"2018-10-24T09:05:43","slug":"infrastructure","status":"publish","type":"page","link":"https:\/\/stonebridge.ca\/fr\/services-2\/project-finance\/infrastructure\/","title":{"rendered":"Infrastructures"},"content":{"rendered":"<h2>Par l\u2019entremise de relations strat\u00e9giques avec des investisseurs institutionnels et une vaste connaissance du secteur, Stonebridge a particip\u00e9 avec succ\u00e8s \u00e0 de nombreux projets de d\u00e9veloppement d\u2019infrastructures, notamment dans les domaines suivants:<\/h2>\n<p>\u2022\u00a0\u00a0\u00a0\u00a0\u00c9tablissements d&rsquo;enseignement<br \/>\n\u2022\u00a0\u00a0\u00a0\u00a0Parcs de stationnement<br \/>\n\u2022\u00a0\u00a0\u00a0\u00a0Quartier g\u00e9n\u00e9ral de services de police<br \/>\n\u2022\u00a0\u00a0\u00a0\u00a0Routes et autoroutes<br \/>\n\u2022\u00a0\u00a0\u00a0\u00a0Palais de justice<br \/>\n\u2022\u00a0\u00a0\u00a0\u00a0Installations sportives, y compris des stades et des complexes de soccer<\/p>\n<p><a href=\"http:\/\/stonebridge.ca\/fr\/contact-us-2\">Pour nous joindre<\/a> ou pour en savoir plus.<\/p>\n","protected":false},"excerpt":{"rendered":"<p>Par l\u2019entremise de relations strat\u00e9giques avec des investisseurs institutionnels et une vaste connaissance du secteur, Stonebridge a particip\u00e9 avec succ\u00e8s \u00e0 de nombreux projets de d\u00e9veloppement d\u2019infrastructures, notamment dans les domaines suivants: \u2022\u00a0\u00a0\u00a0\u00a0\u00c9tablissements d&rsquo;enseignement \u2022\u00a0\u00a0\u00a0\u00a0Parcs de stationnement \u2022\u00a0\u00a0\u00a0\u00a0Quartier g\u00e9n\u00e9ral de &hellip; <a href=\"https:\/\/stonebridge.ca\/fr\/services-2\/project-finance\/infrastructure\/\">Continue reading <span class=\"arrow\"><\/span><\/a><\/p>\n","protected":false},"author":1,"featured_media":0,"parent":225,"menu_order":0,"comment_status":"open","ping_status":"open","template":"page-services.php","meta":{"footnotes":"","_links_to":"","_links_to_target":""},"aioseo_notices":[],"_links":{"self":[{"href":"https:\/\/stonebridge.ca\/fr\/wp-json\/wp\/v2\/pages\/227"}],"collection":[{"href":"https:\/\/stonebridge.ca\/fr\/wp-json\/wp\/v2\/pages"}],"about":[{"href":"https:\/\/stonebridge.ca\/fr\/wp-json\/wp\/v2\/types\/page"}],"author":[{"embeddable":true,"href":"https:\/\/stonebridge.ca\/fr\/wp-json\/wp\/v2\/users\/1"}],"replies":[{"embeddable":true,"href":"https:\/\/stonebridge.ca\/fr\/wp-json\/wp\/v2\/comments?post=227"}],"version-history":[{"count":10,"href":"https:\/\/stonebridge.ca\/fr\/wp-json\/wp\/v2\/pages\/227\/revisions"}],"predecessor-version":[{"id":2252,"href":"https:\/\/stonebridge.ca\/fr\/wp-json\/wp\/v2\/pages\/227\/revisions\/2252"}],"up":[{"embeddable":true,"href":"https:\/\/stonebridge.ca\/fr\/wp-json\/wp\/v2\/pages\/225"}],"wp:attachment":[{"href":"https:\/\/stonebridge.ca\/fr\/wp-json\/wp\/v2\/media?parent=227"}],"curies":[{"name":"wp","href":"https:\/\/api.w.org\/{rel}","templated":true}]}}