{"id":228,"date":"2012-09-18T17:36:57","date_gmt":"2012-09-18T17:36:57","guid":{"rendered":"http:\/\/unixbox\/smoon\/stonebridge.ca\/services-2\/project-finance\/health\/"},"modified":"2017-08-21T18:45:25","modified_gmt":"2017-08-21T18:45:25","slug":"health","status":"publish","type":"page","link":"https:\/\/stonebridge.ca\/fr\/services-2\/project-finance\/health\/","title":{"rendered":"Soins de sant\u00e9"},"content":{"rendered":"<h2>Stonebridge fournit, avec une r\u00e9ussite largement reconnue, des solutions de financement bien structur\u00e9es dans le secteur des soins de sant\u00e9, notamment les h\u00f4pitaux et les \u00e9tablissements de soins de longue dur\u00e9e<\/h2>\n<p>\u00c0 ce jour, Stonebridge a mis en place avec succ\u00e8s des projets de plus de 1,2 milliard de dollars pour le financement de construction et\/ou le financement d\u2019h\u00f4pitaux, d\u2019\u00e9tablissements avec assistance et de r\u00e9sidences de soins de longue dur\u00e9e \u00e0 l\u2019\u00e9chelle du Canada.<\/p>\n<p>Nous avons particip\u00e9 activement au march\u00e9 canadien des partenariats public-priv\u00e9, en organisant le financement par syndication de plusieurs projets de r\u00e9am\u00e9nagement d&rsquo;h\u00f4pitaux en Ontario. En outre, nous avons offert des services consultatifs \u00e0 plusieurs gouvernements provinciaux sur les questions relatives au financement de la sant\u00e9.<\/p>\n<p><a href=\"http:\/\/stonebridge.ca\/fr\/contact-us-2\/\">Pour nous joindre<\/a> ou pour en savoir plus.<\/p>\n","protected":false},"excerpt":{"rendered":"<p>Stonebridge fournit, avec une r\u00e9ussite largement reconnue, des solutions de financement bien structur\u00e9es dans le secteur des soins de sant\u00e9, notamment les h\u00f4pitaux et les \u00e9tablissements de soins de longue dur\u00e9e \u00c0 ce jour, Stonebridge a mis en place avec &hellip; <a href=\"https:\/\/stonebridge.ca\/fr\/services-2\/project-finance\/health\/\">Continue reading <span class=\"arrow\"><\/span><\/a><\/p>\n","protected":false},"author":1,"featured_media":0,"parent":225,"menu_order":1,"comment_status":"open","ping_status":"open","template":"page-services.php","meta":{"footnotes":"","_links_to":"","_links_to_target":""},"aioseo_notices":[],"_links":{"self":[{"href":"https:\/\/stonebridge.ca\/fr\/wp-json\/wp\/v2\/pages\/228"}],"collection":[{"href":"https:\/\/stonebridge.ca\/fr\/wp-json\/wp\/v2\/pages"}],"about":[{"href":"https:\/\/stonebridge.ca\/fr\/wp-json\/wp\/v2\/types\/page"}],"author":[{"embeddable":true,"href":"https:\/\/stonebridge.ca\/fr\/wp-json\/wp\/v2\/users\/1"}],"replies":[{"embeddable":true,"href":"https:\/\/stonebridge.ca\/fr\/wp-json\/wp\/v2\/comments?post=228"}],"version-history":[{"count":11,"href":"https:\/\/stonebridge.ca\/fr\/wp-json\/wp\/v2\/pages\/228\/revisions"}],"predecessor-version":[{"id":1971,"href":"https:\/\/stonebridge.ca\/fr\/wp-json\/wp\/v2\/pages\/228\/revisions\/1971"}],"up":[{"embeddable":true,"href":"https:\/\/stonebridge.ca\/fr\/wp-json\/wp\/v2\/pages\/225"}],"wp:attachment":[{"href":"https:\/\/stonebridge.ca\/fr\/wp-json\/wp\/v2\/media?parent=228"}],"curies":[{"name":"wp","href":"https:\/\/api.w.org\/{rel}","templated":true}]}}