{"id":229,"date":"2012-09-17T20:20:25","date_gmt":"2012-09-17T20:20:25","guid":{"rendered":"http:\/\/unixbox\/smoon\/stonebridge.ca\/services-2\/structured-finance\/"},"modified":"2014-08-14T18:31:59","modified_gmt":"2014-08-14T18:31:59","slug":"structured-finance","status":"publish","type":"page","link":"https:\/\/stonebridge.ca\/fr\/services-2\/structured-finance\/","title":{"rendered":"Financement structur\u00e9"},"content":{"rendered":"<h2>Notre \u00e9quipe poss\u00e8de une vaste exp\u00e9rience de la structuration et de la syndication du financement pour des acquisitions d\u2019actifs et le refinancement de dettes.<\/h2>\n<p>Nous nous sp\u00e9cialisons dans le financement d\u2019immeubles \u00e0 locataire de premier ordre dont les revenus locatifs sont stables et \u00e0 long terme, provenant d\u2019un locataire ayant une cote \u00e9lev\u00e9e de solvabilit\u00e9, servent comme notre principale capacit\u00e9 de cr\u00e9dit. \u00c0 ce jour, Stonebridge a mis sur pied et organis\u00e9 avec succ\u00e8s le financement d\u2019immeubles \u00e0 locataire de premier ordre pour des projets comme des entrep\u00f4ts de distribution de produits alimentaires et des si\u00e8ges sociaux d\u2019entreprises.<\/p>\n<p>Ind\u00e9pendamment du type de financement, Stonebridge offre des solutions qui proposent \u00e0 ses clients un financement diff\u00e9rent des m\u00e9thodes de pr\u00eat conventionnelles, des co\u00fbts de financement concurrentiels et un effet de levier financier maximum par rapport au financement conventionnel.<\/p>\n<p><a href=\"http:\/\/stonebridge.ca\/fr\/contact-us-2\/\">Pour nous joindre<\/a> ou pour en savoir plus.<\/p>\n","protected":false},"excerpt":{"rendered":"<p>Notre \u00e9quipe poss\u00e8de une vaste exp\u00e9rience de la structuration et de la syndication du financement pour des acquisitions d\u2019actifs et le refinancement de dettes. Nous nous sp\u00e9cialisons dans le financement d\u2019immeubles \u00e0 locataire de premier ordre dont les revenus locatifs &hellip; <a href=\"https:\/\/stonebridge.ca\/fr\/services-2\/structured-finance\/\">Continue reading <span class=\"arrow\"><\/span><\/a><\/p>\n","protected":false},"author":1,"featured_media":0,"parent":213,"menu_order":1,"comment_status":"open","ping_status":"open","template":"page-services.php","meta":{"footnotes":"","_links_to":"","_links_to_target":""},"aioseo_notices":[],"_links":{"self":[{"href":"https:\/\/stonebridge.ca\/fr\/wp-json\/wp\/v2\/pages\/229"}],"collection":[{"href":"https:\/\/stonebridge.ca\/fr\/wp-json\/wp\/v2\/pages"}],"about":[{"href":"https:\/\/stonebridge.ca\/fr\/wp-json\/wp\/v2\/types\/page"}],"author":[{"embeddable":true,"href":"https:\/\/stonebridge.ca\/fr\/wp-json\/wp\/v2\/users\/1"}],"replies":[{"embeddable":true,"href":"https:\/\/stonebridge.ca\/fr\/wp-json\/wp\/v2\/comments?post=229"}],"version-history":[{"count":10,"href":"https:\/\/stonebridge.ca\/fr\/wp-json\/wp\/v2\/pages\/229\/revisions"}],"predecessor-version":[{"id":1317,"href":"https:\/\/stonebridge.ca\/fr\/wp-json\/wp\/v2\/pages\/229\/revisions\/1317"}],"up":[{"embeddable":true,"href":"https:\/\/stonebridge.ca\/fr\/wp-json\/wp\/v2\/pages\/213"}],"wp:attachment":[{"href":"https:\/\/stonebridge.ca\/fr\/wp-json\/wp\/v2\/media?parent=229"}],"curies":[{"name":"wp","href":"https:\/\/api.w.org\/{rel}","templated":true}]}}