{"id":230,"date":"2012-09-17T20:23:54","date_gmt":"2012-09-17T20:23:54","guid":{"rendered":"http:\/\/unixbox\/smoon\/stonebridge.ca\/services-2\/bulk-lease-finance\/"},"modified":"2022-06-20T17:13:49","modified_gmt":"2022-06-20T21:13:49","slug":"bulk-lease-finance","status":"publish","type":"page","link":"https:\/\/stonebridge.ca\/fr\/services-2\/bulk-lease-finance\/","title":{"rendered":"Solutions de financement par cr\u00e9dit-bail de Stonebridge"},"content":{"rendered":"<h2>Solutions de financement par cr\u00e9dit-bail de Stonebridge, une soci\u00e9t\u00e9 distincte, offre une m\u00e9thode simple et efficace pour le financement et la gestion de portefeuilles de pr\u00eats adoss\u00e9s \u00e0 des actifs.<\/h2>\n<p>Semblable \u00e0 la titrisation, mais sans une fiducie officielle, solutions de financement par cr\u00e9dit-bail de Stonebridge offre le financement priv\u00e9 de cr\u00e9dit-bail en vrac \u00e0 des soci\u00e9t\u00e9s de cr\u00e9dit-bail ou \u00e0 des institutions financi\u00e8res, qui leur permet d&#8217;emprunter sur les flux mon\u00e9taires futurs de leur portefeuille de cr\u00e9dit- bail.<\/p>\n<p>Il s\u2019agit d\u2019une structure unique, car nos clients maintiennent une relation directe avec leurs locataires, avec notamment la collecte des paiements du loyer, la n\u00e9gociation et l\u2019\u00e9tablissement de la tarification, tout en optimisant leurs flux de tr\u00e9sorerie en fixant les profits de location lors du d\u00e9bours\u00e9.<\/p>\n<p>Mieux encore, les clients profitent d\u2019un acc\u00e8s \u00e0 une source de fonds diversifi\u00e9e pour financer la croissance future \u00e0 moindres frais, sans contrat officiel de fiducie et selon une structure de financement \u00e0 recours limit\u00e9. Tout cela avec la commodit\u00e9 et la souplesse de production de rapports centralis\u00e9e, le financement par tranche et la gestion des paiements.<\/p>\n<p><a href=\"http:\/\/stonebridge.ca\/fr\/contact-us-2\/\">Pour nous joindre<\/a> ou pour en savoir plus.<\/p>\n","protected":false},"excerpt":{"rendered":"<p>Solutions de financement par cr\u00e9dit-bail de Stonebridge, une soci\u00e9t\u00e9 distincte, offre une m\u00e9thode simple et efficace pour le financement et la gestion de portefeuilles de pr\u00eats adoss\u00e9s \u00e0 des actifs. Semblable \u00e0 la titrisation, mais sans une fiducie officielle, solutions &hellip; <a href=\"https:\/\/stonebridge.ca\/fr\/services-2\/bulk-lease-finance\/\">Continue reading <span class=\"arrow\"><\/span><\/a><\/p>\n","protected":false},"author":1,"featured_media":0,"parent":213,"menu_order":2,"comment_status":"open","ping_status":"open","template":"page-services.php","meta":{"footnotes":"","_links_to":"","_links_to_target":""},"aioseo_notices":[],"_links":{"self":[{"href":"https:\/\/stonebridge.ca\/fr\/wp-json\/wp\/v2\/pages\/230"}],"collection":[{"href":"https:\/\/stonebridge.ca\/fr\/wp-json\/wp\/v2\/pages"}],"about":[{"href":"https:\/\/stonebridge.ca\/fr\/wp-json\/wp\/v2\/types\/page"}],"author":[{"embeddable":true,"href":"https:\/\/stonebridge.ca\/fr\/wp-json\/wp\/v2\/users\/1"}],"replies":[{"embeddable":true,"href":"https:\/\/stonebridge.ca\/fr\/wp-json\/wp\/v2\/comments?post=230"}],"version-history":[{"count":15,"href":"https:\/\/stonebridge.ca\/fr\/wp-json\/wp\/v2\/pages\/230\/revisions"}],"predecessor-version":[{"id":2867,"href":"https:\/\/stonebridge.ca\/fr\/wp-json\/wp\/v2\/pages\/230\/revisions\/2867"}],"up":[{"embeddable":true,"href":"https:\/\/stonebridge.ca\/fr\/wp-json\/wp\/v2\/pages\/213"}],"wp:attachment":[{"href":"https:\/\/stonebridge.ca\/fr\/wp-json\/wp\/v2\/media?parent=230"}],"curies":[{"name":"wp","href":"https:\/\/api.w.org\/{rel}","templated":true}]}}