{"id":231,"date":"2012-09-17T20:24:17","date_gmt":"2012-09-17T20:24:17","guid":{"rendered":"http:\/\/unixbox\/smoon\/stonebridge.ca\/services-2\/administrative-services\/"},"modified":"2015-04-01T21:25:57","modified_gmt":"2015-04-01T21:25:57","slug":"administrative-services","status":"publish","type":"page","link":"https:\/\/stonebridge.ca\/fr\/administrative-services\/","title":{"rendered":"Services de gestion"},"content":{"rendered":"<h2>Chez Stonebridge, nous sommes fiers d\u2019avoir cr\u00e9\u00e9 un \u00e9ventail de services de gestion sp\u00e9cialement con\u00e7us pour offrir une m\u00e9thode pratique et efficace aidant nos clients \u00e0 g\u00e9rer leurs activit\u00e9s financi\u00e8res en tant que cr\u00e9anciers.<\/h2>\n<p>Stonebridge propose un ensemble complet et efficace de services de gestion dont notamment les :<\/p>\n<ul>\n<li><a href=\"http:\/\/stonebridge.ca\/fr\/services-de-gestion-de-portefeuille\/\">Services de gestion de portefeuille<\/a><\/li>\n<li><a href=\"http:\/\/stonebridge.ca\/fr\/administrative-services\/services-de-suivi-de-construction\/\">Services de suivi de construction<\/a><\/li>\n<li><a href=\"http:\/\/stonebridge.ca\/fr\/administrative-services\/services-fiduciaires-du-client\/\">Services fiduciaires au client (Agent de paiement, Agent de s\u00fbret\u00e9, Agent de d\u00e9p\u00f4t)<\/a><\/li>\n<\/ul>\n<p><a href=\"\/fr\/contact-us-2\">Communiquez avec nous<\/a> d\u00e8s aujourd\u2019hui pour savoir comment profiter de nos services de gestion.<\/p>\n","protected":false},"excerpt":{"rendered":"<p>Chez Stonebridge, nous sommes fiers d\u2019avoir cr\u00e9\u00e9 un \u00e9ventail de services de gestion sp\u00e9cialement con\u00e7us pour offrir une m\u00e9thode pratique et efficace aidant nos clients \u00e0 g\u00e9rer leurs activit\u00e9s financi\u00e8res en tant que cr\u00e9anciers. Stonebridge propose un ensemble complet et &hellip; <a href=\"https:\/\/stonebridge.ca\/fr\/administrative-services\/\">Continue reading <span class=\"arrow\"><\/span><\/a><\/p>\n","protected":false},"author":1,"featured_media":0,"parent":0,"menu_order":3,"comment_status":"open","ping_status":"open","template":"page-services.php","meta":{"footnotes":"","_links_to":"","_links_to_target":""},"aioseo_notices":[],"_links":{"self":[{"href":"https:\/\/stonebridge.ca\/fr\/wp-json\/wp\/v2\/pages\/231"}],"collection":[{"href":"https:\/\/stonebridge.ca\/fr\/wp-json\/wp\/v2\/pages"}],"about":[{"href":"https:\/\/stonebridge.ca\/fr\/wp-json\/wp\/v2\/types\/page"}],"author":[{"embeddable":true,"href":"https:\/\/stonebridge.ca\/fr\/wp-json\/wp\/v2\/users\/1"}],"replies":[{"embeddable":true,"href":"https:\/\/stonebridge.ca\/fr\/wp-json\/wp\/v2\/comments?post=231"}],"version-history":[{"count":25,"href":"https:\/\/stonebridge.ca\/fr\/wp-json\/wp\/v2\/pages\/231\/revisions"}],"predecessor-version":[{"id":1469,"href":"https:\/\/stonebridge.ca\/fr\/wp-json\/wp\/v2\/pages\/231\/revisions\/1469"}],"wp:attachment":[{"href":"https:\/\/stonebridge.ca\/fr\/wp-json\/wp\/v2\/media?parent=231"}],"curies":[{"name":"wp","href":"https:\/\/api.w.org\/{rel}","templated":true}]}}