{"id":232,"date":"2012-09-17T20:25:09","date_gmt":"2012-09-17T20:25:09","guid":{"rendered":"http:\/\/unixbox\/smoon\/stonebridge.ca\/services-2\/advisory-services\/"},"modified":"2015-03-23T20:13:19","modified_gmt":"2015-03-23T20:13:19","slug":"advisory-services","status":"publish","type":"page","link":"https:\/\/stonebridge.ca\/fr\/services-2\/advisory-services\/","title":{"rendered":"Services consultatifs"},"content":{"rendered":"<h2>Pour enrichir ses activit\u00e9s principales de financement et augmenter son expertise financi\u00e8re exhaustive, Stonebridge offre des services consultatifs en mati\u00e8re de finance, d&rsquo;\u00e9conomie et de strat\u00e9gie \u00e0 ses clients des secteurs public et priv\u00e9. Notre sp\u00e9cialisation nous permet d&rsquo;aider nos clients \u00e0 \u00e9valuer leurs objectifs en mati\u00e8re de financement, \u00e0 \u00e9valuer les risques associ\u00e9s au projet et \u00e0 d\u00e9terminer la structure optimale de financement pour leur projet \u00e0 forte intensit\u00e9 de capital.<\/h2>\n<p>Stonebridge propose des services consultatifs dans une vaste gamme de projets, de la construction d\u2019autoroutes jusqu\u2019au r\u00e9am\u00e9nagement d\u2019installations portuaires, offrant des conseils sur la structure financi\u00e8re optimale du projet, aidant des clients \u00e0 choisir un entrepreneur g\u00e9n\u00e9ral et d&rsquo;autres conseillers pour le projet, menant la v\u00e9rification diligente initiale du projet, et participant \u00e0 la pr\u00e9paration des appels d&rsquo;offres et des demandes de proposition.<\/p>\n<p><a href=\"http:\/\/stonebridge.ca\/fr\/contact-us-2\/\">Pour nous joindre<\/a> d\u00e8s aujourd\u2019hui ou pour en savoir plus.<\/p>\n<p>&nbsp;<\/p>\n","protected":false},"excerpt":{"rendered":"<p>Pour enrichir ses activit\u00e9s principales de financement et augmenter son expertise financi\u00e8re exhaustive, Stonebridge offre des services consultatifs en mati\u00e8re de finance, d&rsquo;\u00e9conomie et de strat\u00e9gie \u00e0 ses clients des secteurs public et priv\u00e9. Notre sp\u00e9cialisation nous permet d&rsquo;aider nos &hellip; <a href=\"https:\/\/stonebridge.ca\/fr\/services-2\/advisory-services\/\">Continue reading <span class=\"arrow\"><\/span><\/a><\/p>\n","protected":false},"author":1,"featured_media":0,"parent":213,"menu_order":4,"comment_status":"open","ping_status":"open","template":"page-services.php","meta":{"footnotes":"","_links_to":"","_links_to_target":""},"aioseo_notices":[],"_links":{"self":[{"href":"https:\/\/stonebridge.ca\/fr\/wp-json\/wp\/v2\/pages\/232"}],"collection":[{"href":"https:\/\/stonebridge.ca\/fr\/wp-json\/wp\/v2\/pages"}],"about":[{"href":"https:\/\/stonebridge.ca\/fr\/wp-json\/wp\/v2\/types\/page"}],"author":[{"embeddable":true,"href":"https:\/\/stonebridge.ca\/fr\/wp-json\/wp\/v2\/users\/1"}],"replies":[{"embeddable":true,"href":"https:\/\/stonebridge.ca\/fr\/wp-json\/wp\/v2\/comments?post=232"}],"version-history":[{"count":8,"href":"https:\/\/stonebridge.ca\/fr\/wp-json\/wp\/v2\/pages\/232\/revisions"}],"predecessor-version":[{"id":1457,"href":"https:\/\/stonebridge.ca\/fr\/wp-json\/wp\/v2\/pages\/232\/revisions\/1457"}],"up":[{"embeddable":true,"href":"https:\/\/stonebridge.ca\/fr\/wp-json\/wp\/v2\/pages\/213"}],"wp:attachment":[{"href":"https:\/\/stonebridge.ca\/fr\/wp-json\/wp\/v2\/media?parent=232"}],"curies":[{"name":"wp","href":"https:\/\/api.w.org\/{rel}","templated":true}]}}