{"id":233,"date":"2012-09-17T20:25:42","date_gmt":"2012-09-17T20:25:42","guid":{"rendered":"http:\/\/unixbox\/smoon\/stonebridge.ca\/services-2\/stonebridge-infrastructure-debt-fund\/"},"modified":"2023-02-17T15:13:51","modified_gmt":"2023-02-17T19:13:51","slug":"private-debt-asset-management","status":"publish","type":"page","link":"https:\/\/stonebridge.ca\/fr\/services-2\/private-debt-asset-management\/","title":{"rendered":"Gestion de titres de cr\u00e9ance priv\u00e9s"},"content":{"rendered":"<h2>Avec plus de 1,0\u00a0milliard de dollars d\u2019actifs sous gestion, Stonebridge offre aux investisseurs institutionnels l\u2019acc\u00e8s \u00e0 des titres de cr\u00e9ance priv\u00e9s canadiens de grande qualit\u00e9, caract\u00e9ris\u00e9s par des flux de tr\u00e9sorerie pr\u00e9visibles \u00e0 long terme et des rendements sup\u00e9rieurs ajust\u00e9s au risque.<\/h2>\n<p>Stonebridge a lanc\u00e9 son unit\u00e9 de gestion de titres de cr\u00e9ance priv\u00e9s en 2012 avec l\u2019\u00e9tablissement du Premier Fonds de Financement d&rsquo;Infrastructure Stonebridge soci\u00e9t\u00e9 en commandite simple (\u00ab\u00a0SIDF\u00a0I\u00a0\u00bb), le premier fonds de dette priv\u00e9e d\u2019infrastructure au Canada. Le SIDF\u00a0I a \u00e9t\u00e9 cr\u00e9\u00e9 avec l\u2019appui de PPP Canada Inc. en tant que fonds ferm\u00e9s, avec un total d\u2019engagements en capital d\u2019environ 201,5\u00a0millions de dollars, fournis par un certain nombre d\u2019investisseurs institutionnels canadiens, y compris la Banque de d\u00e9veloppement du Canada et un groupe de caisses de retraite canadiennes. Les fonds ont \u00e9t\u00e9 enti\u00e8rement investis au cours de 15 mois en 12 op\u00e9rations uniques de dettes priv\u00e9es d\u2019infrastructure et d&rsquo;\u00e9nergie renouvelable.<\/p>\n<p>Inspir\u00e9e par le succ\u00e8s retentissant du SIDF\u00a0I, Stonebridge a \u00e9largi sa plateforme de placement par emprunt priv\u00e9 avec la cr\u00e9ation du Deuxi\u00e8me\u00a0Fonds de Financement d&rsquo;Infrastructure Stonebridge soci\u00e9t\u00e9 en commandite simple (\u00ab\u00a0SIDF\u00a0II\u00a0\u00bb) en 2014, en tant que fonds ouverts, et depuis 2015, avec la prestation de services de gestion de placements aux investisseurs institutionnels \u00e0 travers de comptes g\u00e9r\u00e9s s\u00e9par\u00e9ment (\u00ab\u00a0CGS\u00a0\u00bb) et enti\u00e8rement discr\u00e9tionnaires.<\/p>\n<p>En date du 31\u00a0d\u00e9cembre\u00a02022, le SIDF\u00a0II dispose d\u2019environ 586\u00a0millions de dollars d\u2019engagements en capital enti\u00e8rement d\u00e9ploy\u00e9s et demeure ouvert aux nouveaux investisseurs. Les actifs sous gestion pour les comptes g\u00e9r\u00e9s s\u00e9par\u00e9ment totalisent environ 220\u00a0millions de dollars, dont 50\u00a0millions de dollars sont engag\u00e9s pour des investissements immobiliers commerciaux et 170\u00a0millions de dollars pour des op\u00e9rations de financement d\u2019infrastructures par emprunt priv\u00e9.<\/p>\n","protected":false},"excerpt":{"rendered":"<p>Avec plus de 1,0\u00a0milliard de dollars d\u2019actifs sous gestion, Stonebridge offre aux investisseurs institutionnels l\u2019acc\u00e8s \u00e0 des titres de cr\u00e9ance priv\u00e9s canadiens de grande qualit\u00e9, caract\u00e9ris\u00e9s par des flux de tr\u00e9sorerie pr\u00e9visibles \u00e0 long terme et des rendements sup\u00e9rieurs ajust\u00e9s &hellip; <a href=\"https:\/\/stonebridge.ca\/fr\/services-2\/private-debt-asset-management\/\">Continue reading <span class=\"arrow\"><\/span><\/a><\/p>\n","protected":false},"author":1,"featured_media":0,"parent":213,"menu_order":5,"comment_status":"open","ping_status":"open","template":"page-services.php","meta":{"footnotes":"","_links_to":"","_links_to_target":""},"aioseo_notices":[],"_links":{"self":[{"href":"https:\/\/stonebridge.ca\/fr\/wp-json\/wp\/v2\/pages\/233"}],"collection":[{"href":"https:\/\/stonebridge.ca\/fr\/wp-json\/wp\/v2\/pages"}],"about":[{"href":"https:\/\/stonebridge.ca\/fr\/wp-json\/wp\/v2\/types\/page"}],"author":[{"embeddable":true,"href":"https:\/\/stonebridge.ca\/fr\/wp-json\/wp\/v2\/users\/1"}],"replies":[{"embeddable":true,"href":"https:\/\/stonebridge.ca\/fr\/wp-json\/wp\/v2\/comments?post=233"}],"version-history":[{"count":21,"href":"https:\/\/stonebridge.ca\/fr\/wp-json\/wp\/v2\/pages\/233\/revisions"}],"predecessor-version":[{"id":2939,"href":"https:\/\/stonebridge.ca\/fr\/wp-json\/wp\/v2\/pages\/233\/revisions\/2939"}],"up":[{"embeddable":true,"href":"https:\/\/stonebridge.ca\/fr\/wp-json\/wp\/v2\/pages\/213"}],"wp:attachment":[{"href":"https:\/\/stonebridge.ca\/fr\/wp-json\/wp\/v2\/media?parent=233"}],"curies":[{"name":"wp","href":"https:\/\/api.w.org\/{rel}","templated":true}]}}