{"id":234,"date":"2012-09-17T18:28:03","date_gmt":"2012-09-17T18:28:03","guid":{"rendered":"http:\/\/unixbox\/smoon\/stonebridge.ca\/terms-2\/"},"modified":"2012-10-12T14:51:18","modified_gmt":"2012-10-12T14:51:18","slug":"terms","status":"publish","type":"page","link":"https:\/\/stonebridge.ca\/fr\/terms\/","title":{"rendered":"Modalit\u00e9s d\u2019utilisation"},"content":{"rendered":"<p><strong>Modalit\u00e9s d\u2019utilisation<\/strong><\/p>\n<p>Ce site Web (le \u00ab Site \u00bb) est la propri\u00e9t\u00e9 de Corporation financi\u00e8re Stonebridge (\u00ab Stonebridge \u00bb). Si vous d\u00e9sirez avoir acc\u00e8s au Site et l\u2019utiliser, vous devez accepter et respecter les modalit\u00e9s qui suivent (les\u00a0 \u00ab Modalit\u00e9s \u00bb). Si vous n&rsquo;acceptez pas les Modalit\u00e9s, vous devriez vous abstenir d&rsquo;acc\u00e9der au Site et de l\u2019utiliser. Toutes les Modalit\u00e9s s&rsquo;appliquent sans \u00e9gard \u00e0 l&rsquo;utilisation sp\u00e9cifique du Site par les internautes<\/p>\n<p><strong>Contenu du site et exactitude de l\u2019information<\/strong><\/p>\n<p>Les renseignements contenus sur les pages du Site peuvent, \u00e0 l&rsquo;occasion, \u00eatre modifi\u00e9s ou mis \u00e0 jour sans pr\u00e9avis. Stonebridge ne peut garantir l&rsquo;exactitude, l&rsquo;exhaustivit\u00e9 ou l&rsquo;authenticit\u00e9 du contenu ou de la fonctionnalit\u00e9 du Site, ni la transmission d&rsquo;une partie du contenu du Site.<\/p>\n<p>Certaines parties du Site ont \u00e9t\u00e9 pr\u00e9par\u00e9es par des personnes ind\u00e9pendantes de Stonebridge. Les autres sites Web auxquels il est possible d&rsquo;acc\u00e9der par lien hypertexte \u00e0 partir du Site sont enti\u00e8rement ind\u00e9pendants. Le fait que d&rsquo;autres sites soient mentionn\u00e9s, que le nom d&rsquo;une personne ou d&rsquo;une soci\u00e9t\u00e9 soit indiqu\u00e9, ou qu&rsquo;un lien hypertexte soit \u00e9tabli avec une autre personne ou une autre soci\u00e9t\u00e9 ne peut, en aucune mani\u00e8re, \u00eatre interpr\u00e9t\u00e9 comme un appui donn\u00e9 aux sites, produits, services de cette personne ou de cette soci\u00e9t\u00e9, ni comme une contribution \u00e0 ce site.<\/p>\n<p>Les autres sites Web qui permettent d&rsquo;acc\u00e9der par lien hypertexte au Site sont enti\u00e8rement ind\u00e9pendants. Toute indication donn\u00e9e par un tiers pour acc\u00e9der au Site ne peut, en aucune mani\u00e8re, \u00eatre interpr\u00e9t\u00e9e comme un appui donn\u00e9 par Stonebridge au site Web, aux produits et services de ce tiers.<\/p>\n<p><strong>Utilisation du site<\/strong><\/p>\n<p>Les renseignements contenus dans le Site ne constituent pas des conseils d&rsquo;ordre fiscal, juridique, ou financier, ni des conseils en mati\u00e8re d&rsquo;assurance ou de comptabilit\u00e9 et ils ne doivent pas \u00eatre utilis\u00e9s \u00e0 cette fin.<\/p>\n<p>Les services de Stonebridge ne sont offerts que dans les provinces ou les territoires o\u00f9 la loi en autorise la distribution, et, selon la r\u00e9gion g\u00e9ographique, certains services de Stonebridge ne sont pas offerts. Tous les services de Stonebridge sont assujettis aux modalit\u00e9s des ententes applicables.<\/p>\n<p>Vous convenez que l&rsquo;utilisation du Site se fera \u00ab telle quelle \u00bb et enti\u00e8rement \u00e0 vos risques. Ni Stonebridge et ses soci\u00e9t\u00e9s affili\u00e9es, ni leurs administrateurs, dirigeants, employ\u00e9s, et toute autre personne associ\u00e9e \u00e0 la cr\u00e9ation du Site ou de son contenu, ne peuvent \u00eatre tenus responsables envers qui que ce soit des pertes ou dommages pouvant survenir en rapport avec l&rsquo;utilisation que vous faites du Site, y compris les dommages directs ou indirects, ou des dommages aux tiers. Sans restreindre la port\u00e9e de ce qui pr\u00e9c\u00e8de, Stonebridge d\u00e9cline toute responsabilit\u00e9 relativement aux pr\u00e9judices d\u00e9coulant d&rsquo;actes accomplis sur la foi des renseignements contenus sur le Site, quels qu&rsquo;ils soient.<\/p>\n<p>Le Site ne devrait pas \u00eatre utilis\u00e9 ou servir \u00e0 remplacer des recherches ind\u00e9pendantes ou des conseils professionnels.<\/p>\n<p><strong>S\u00e9curit\u00e9<\/strong><\/p>\n<p>Vous convenez qu&rsquo;Internet ne constitue pas un mode de communication s\u00fbr dans le cadre duquel la confidentialit\u00e9 des renseignements est assur\u00e9e et qu&rsquo;il est actuellement impossible de garantir une s\u00e9curit\u00e9 et une confidentialit\u00e9 absolues sur Internet. Vous convenez que lorsque vous utilisez le Site (y compris pour transmettre des renseignements), d&rsquo;autres personnes peuvent y avoir acc\u00e8s. Sans restreindre la port\u00e9e des autres avis de non-responsabilit\u00e9 contenus dans la pr\u00e9sente, Stonebridge ne peut \u00eatre tenue responsable, ni redevable du pr\u00e9judice que vous ou toute autre personne pourrait subir par suite d&rsquo;un manquement \u00e0 la s\u00e9curit\u00e9 ou de la divulgation de renseignements confidentiels<\/p>\n<p><strong>Confidentialit\u00e9<\/strong><\/p>\n<p>Les renseignements que vous transmettez par l&rsquo;entremise du Site sont utilis\u00e9s par Stonebridge uniquement dans le but de r\u00e9pondre \u00e0 vos besoins \u00e0 titre de client.<\/p>\n<p>Stonebridge peut utiliser un \u00ab t\u00e9moin \u00bb ou une technologie apparent\u00e9e afin de mieux conna\u00eetre l&rsquo;utilisation faite du Site et d&rsquo;am\u00e9liorer le service offert aux utilisateurs.<\/p>\n<p><strong>Propri\u00e9t\u00e9 intellectuelle<\/strong><\/p>\n<p>Tout le contenu du Site, notamment l&rsquo;ensemble des textes, donn\u00e9es, graphiques, photographies et images, logiciels et toutes les marques de commerce et noms commerciaux utilis\u00e9s sur le Site, ainsi que leur gamme et leur s\u00e9lection, sont soit assujettis aux droits de propri\u00e9t\u00e9 intellectuelle de Stonebridge ou soit utilis\u00e9s par Stonebridge avec une autorisation. Sauf indication contraire, il est interdit de copier, de reproduire ou de publier de nouveau toute information se trouvant sur le Site sans avoir obtenu pr\u00e9alablement le consentement \u00e9crit de Stonebridge.<\/p>\n<p>Sans limiter la port\u00e9e g\u00e9n\u00e9rale de ce qui pr\u00e9c\u00e8de, le nom du domaine www.stonebridge.ca est la propri\u00e9t\u00e9 exclusive de Stonebridge et aucune usurpation de nom de domaine par le biais d&rsquo;hyperliens, de cadrage, ou d&rsquo;enregistrement de noms de domaine connexe ne sera tol\u00e9r\u00e9e.<\/p>\n<p>La retransmission ou la modification de l&rsquo;information contenue sur le Site ou toute autre forme de copie non autoris\u00e9e peut constituer une infraction \u00e0 la loi et pourrait exposer ces utilisateurs \u00e0 des poursuites judiciaires.<\/p>\n<p>Stonebridge accorde aux utilisateurs la permission de t\u00e9l\u00e9charger et d&rsquo;imprimer des copies des textes disponibles sur le Site \u00e0 des fins non commerciales ou internes, mais toute copie ou reproduction d&rsquo;un document disponible sur le Site devra montrer tous les avis de droit d&rsquo;auteur ou autres avis de propri\u00e9t\u00e9, et le contenu du Site ne peut \u00eatre modifi\u00e9 d&rsquo;aucune fa\u00e7on.<\/p>\n<p><strong>L\u00e9gislation applicable<\/strong><\/p>\n<p>La l\u00e9gislation de l&rsquo;Ontario et les lois f\u00e9d\u00e9rales du Canada r\u00e9giront l&rsquo;interpr\u00e9tation, la validit\u00e9 et l&rsquo;ex\u00e9cution des Modalit\u00e9s ainsi que l&rsquo;utilisation du Site. Par la pr\u00e9sente, vous reconnaissez la comp\u00e9tence non exclusive des tribunaux de l&rsquo;Ontario pour toute action ou poursuite intent\u00e9e en vertu des Modalit\u00e9s se rapportant ou d\u00e9coulant de votre utilisation du Site.<\/p>\n","protected":false},"excerpt":{"rendered":"<p>Modalit\u00e9s d\u2019utilisation Ce site Web (le \u00ab Site \u00bb) est la propri\u00e9t\u00e9 de Corporation financi\u00e8re Stonebridge (\u00ab Stonebridge \u00bb). Si vous d\u00e9sirez avoir acc\u00e8s au Site et l\u2019utiliser, vous devez accepter et respecter les modalit\u00e9s qui suivent (les\u00a0 \u00ab Modalit\u00e9s &hellip; <a href=\"https:\/\/stonebridge.ca\/fr\/terms\/\">Continue reading <span class=\"arrow\"><\/span><\/a><\/p>\n","protected":false},"author":1,"featured_media":0,"parent":0,"menu_order":0,"comment_status":"open","ping_status":"open","template":"page-no-sidebar.php","meta":{"footnotes":"","_links_to":"","_links_to_target":""},"aioseo_notices":[],"_links":{"self":[{"href":"https:\/\/stonebridge.ca\/fr\/wp-json\/wp\/v2\/pages\/234"}],"collection":[{"href":"https:\/\/stonebridge.ca\/fr\/wp-json\/wp\/v2\/pages"}],"about":[{"href":"https:\/\/stonebridge.ca\/fr\/wp-json\/wp\/v2\/types\/page"}],"author":[{"embeddable":true,"href":"https:\/\/stonebridge.ca\/fr\/wp-json\/wp\/v2\/users\/1"}],"replies":[{"embeddable":true,"href":"https:\/\/stonebridge.ca\/fr\/wp-json\/wp\/v2\/comments?post=234"}],"version-history":[{"count":4,"href":"https:\/\/stonebridge.ca\/fr\/wp-json\/wp\/v2\/pages\/234\/revisions"}],"predecessor-version":[{"id":397,"href":"https:\/\/stonebridge.ca\/fr\/wp-json\/wp\/v2\/pages\/234\/revisions\/397"}],"wp:attachment":[{"href":"https:\/\/stonebridge.ca\/fr\/wp-json\/wp\/v2\/media?parent=234"}],"curies":[{"name":"wp","href":"https:\/\/api.w.org\/{rel}","templated":true}]}}