{"id":736,"date":"2012-10-23T18:07:35","date_gmt":"2012-10-23T18:07:35","guid":{"rendered":"http:\/\/w3.9thsphere.com\/stonebridge.ca\/?page_id=736"},"modified":"2015-03-23T20:10:47","modified_gmt":"2015-03-23T20:10:47","slug":"services-de-gestion-de-portefeuille","status":"publish","type":"page","link":"https:\/\/stonebridge.ca\/fr\/services-de-gestion-de-portefeuille\/","title":{"rendered":"Services de gestion de portefeuille"},"content":{"rendered":"<h2>Simplification, rationalisation et centralisation sont les buts principaux de nos services de gestion de portefeuille qui sont con\u00e7us pour procurer d\u2019une fa\u00e7on r\u00e9guli\u00e8re \u00e0 nos clients des rapports financiers, une conformit\u00e9 aux clauses restrictives financi\u00e8res et des services de gestion de projet.<\/h2>\n<p><strong>Nous servons de source centralis\u00e9e pour la gestion des communications de nos clients avec leurs investisseurs institutionnels en :<\/strong><\/p>\n<ul>\n<li>Fournissant, de fa\u00e7on continue, des rapports financiers et des informations sur les assurances, conform\u00e9ment \u00e0 la documentation en mati\u00e8re de s\u00fbret\u00e9<\/li>\n<li>R\u00e9alisant la coordination, avec les investisseurs institutionnels, de toute demande du client ou de tout amendement \u00e0 la documentation en mati\u00e8re de s\u00fbret\u00e9<\/li>\n<li>Effectuant de fa\u00e7on continue, pour les investisseurs institutionnels, un passage en revue des cr\u00e9dits, accompagn\u00e9s de recommandations<\/li>\n<li>G\u00e9rant, de fa\u00e7on g\u00e9n\u00e9rale, les int\u00e9r\u00eats des investisseurs institutionnels \u00e0 l\u2019\u00e9gard de la dette du client, y compris le suivi et le maintien en vigueur des assurances, et le renouvellement, le r\u00e9enregistrement ou la prise de s\u00fbret\u00e9 additionnelle<\/li>\n<\/ul>\n<p><strong>Les avantages de nos services de gestion de portefeuille, pour nos clients, comportent entre autres :<\/strong><\/p>\n<ul>\n<li>une source centralis\u00e9e pour la gestion de communications avec les pr\u00eateurs<\/li>\n<li>une m\u00e9thode de livraison de paiement pratique et efficace<\/li>\n<li>des services consultatifs personnalis\u00e9sune connaissance pratique et une compr\u00e9hension des processus de cr\u00e9dit des pr\u00eateurs<\/li>\n<\/ul>\n<p align=\"left\"><a href=\"http:\/\/stonebridge.ca\/fr\/contact-us-2\/\">Pour nous joindre<\/a> ou pour en savoir plus.<\/p>\n","protected":false},"excerpt":{"rendered":"<p>Simplification, rationalisation et centralisation sont les buts principaux de nos services de gestion de portefeuille qui sont con\u00e7us pour procurer d\u2019une fa\u00e7on r\u00e9guli\u00e8re \u00e0 nos clients des rapports financiers, une conformit\u00e9 aux clauses restrictives financi\u00e8res et des services de gestion &hellip; <a href=\"https:\/\/stonebridge.ca\/fr\/services-de-gestion-de-portefeuille\/\">Continue reading <span class=\"arrow\"><\/span><\/a><\/p>\n","protected":false},"author":1,"featured_media":0,"parent":0,"menu_order":0,"comment_status":"open","ping_status":"open","template":"page-services.php","meta":{"footnotes":"","_links_to":"","_links_to_target":""},"aioseo_notices":[],"_links":{"self":[{"href":"https:\/\/stonebridge.ca\/fr\/wp-json\/wp\/v2\/pages\/736"}],"collection":[{"href":"https:\/\/stonebridge.ca\/fr\/wp-json\/wp\/v2\/pages"}],"about":[{"href":"https:\/\/stonebridge.ca\/fr\/wp-json\/wp\/v2\/types\/page"}],"author":[{"embeddable":true,"href":"https:\/\/stonebridge.ca\/fr\/wp-json\/wp\/v2\/users\/1"}],"replies":[{"embeddable":true,"href":"https:\/\/stonebridge.ca\/fr\/wp-json\/wp\/v2\/comments?post=736"}],"version-history":[{"count":6,"href":"https:\/\/stonebridge.ca\/fr\/wp-json\/wp\/v2\/pages\/736\/revisions"}],"predecessor-version":[{"id":1453,"href":"https:\/\/stonebridge.ca\/fr\/wp-json\/wp\/v2\/pages\/736\/revisions\/1453"}],"wp:attachment":[{"href":"https:\/\/stonebridge.ca\/fr\/wp-json\/wp\/v2\/media?parent=736"}],"curies":[{"name":"wp","href":"https:\/\/api.w.org\/{rel}","templated":true}]}}