{"id":741,"date":"2012-10-23T18:12:37","date_gmt":"2012-10-23T18:12:37","guid":{"rendered":"http:\/\/w3.9thsphere.com\/stonebridge.ca\/?page_id=741"},"modified":"2018-10-24T05:04:58","modified_gmt":"2018-10-24T09:04:58","slug":"services-fiduciaires-du-client","status":"publish","type":"page","link":"https:\/\/stonebridge.ca\/fr\/administrative-services\/services-fiduciaires-du-client\/","title":{"rendered":"Services fiduciaires du client"},"content":{"rendered":"<h2>Services d\u2019agent de paiement :<\/h2>\n<p>Commodit\u00e9, simplicit\u00e9, efficacit\u00e9. Stonebridge offre des services centralis\u00e9s d\u2019agent de paiement charg\u00e9 de recouvrer les montants du remboursement de la dette, de les placer en fid\u00e9icommis, et d\u2019organiser la distribution imm\u00e9diate de la part \u00e0 chacun des pr\u00eateurs, en fonction d\u2019un calcul au prorata<\/p>\n<p>Les avantages comprennent :<\/p>\n<ul>\n<li>Une m\u00e9thode centralis\u00e9e de remboursement qui \u00e9limine le besoin d\u2019effectuer plusieurs paiements aux pr\u00eateurs pour les transactions syndiqu\u00e9es<\/li>\n<li>Des options de remboursements pratiques, notamment les transferts \u00e9lectroniques de fonds (TEF), les virements t\u00e9l\u00e9graphiques et les ch\u00e8ques<\/li>\n<li>Des frais de service concurrentiels<\/li>\n<\/ul>\n<h2>Services d\u2019agent de s\u00fbret\u00e9 :<\/h2>\n<p>Stonebridge offre un emplacement centralis\u00e9 pour le service en fid\u00e9icommis et le suivi des documents de s\u00fbret\u00e9.<\/p>\n<p>Gr\u00e2ce \u00e0 notre programme de suivi sp\u00e9cialement con\u00e7u, nous maintenons en vigueur, dans leur totalit\u00e9, les \u00e9ch\u00e9ances, les renouvellements et les r\u00e9inscriptions des polices d\u2019assurances li\u00e9es au projet, les instruments n\u00e9gociables (c.-\u00e0-d., les lettres de cr\u00e9dit) et les autres s\u00fbret\u00e9s. Cela signifie que nos clients profitent d\u2019une source pratique et s\u00fbre de s\u00e9curisation et de gestion des documents de s\u00fbret\u00e9.<br \/>\n<strong><\/strong><\/p>\n<h2>Services d\u2019agent de d\u00e9p\u00f4t sous entiercement :<\/h2>\n<p>De fa\u00e7on fiable et s\u00e9curitaire, Stonebridge offre une alternative rentable aux services de d\u00e9p\u00f4ts sous entiercement. Comme pour les services traditionnels de d\u00e9p\u00f4t sous entiercement, nous sommes r\u00e9gis par une convention qui permet de d\u00e9tenir des actifs au nom de plusieurs parties jusqu\u2019\u00e0 la survenue d\u2019\u00e9v\u00e9nements sp\u00e9cifiques.<\/p>\n<p>Stonebridge se d\u00e9marque par son aptitude \u00e0 traiter rapidement les transactions li\u00e9es aux d\u00e9p\u00f4ts sous entiercement, et par sa capacit\u00e9 \u00e0 offrir ces services \u00e0 ses clients \u00e0 un co\u00fbt raisonnable.<\/p>\n<p><a href=\"http:\/\/stonebridge.ca\/fr\/contact-us-2\">Pour nous joindre<\/a> ou pour en savoir plus.<\/p>\n","protected":false},"excerpt":{"rendered":"<p>Services d\u2019agent de paiement : Commodit\u00e9, simplicit\u00e9, efficacit\u00e9. Stonebridge offre des services centralis\u00e9s d\u2019agent de paiement charg\u00e9 de recouvrer les montants du remboursement de la dette, de les placer en fid\u00e9icommis, et d\u2019organiser la distribution imm\u00e9diate de la part \u00e0 &hellip; <a href=\"https:\/\/stonebridge.ca\/fr\/administrative-services\/services-fiduciaires-du-client\/\">Continue reading <span class=\"arrow\"><\/span><\/a><\/p>\n","protected":false},"author":1,"featured_media":0,"parent":231,"menu_order":2,"comment_status":"open","ping_status":"open","template":"page-services.php","meta":{"footnotes":"","_links_to":"","_links_to_target":""},"aioseo_notices":[],"_links":{"self":[{"href":"https:\/\/stonebridge.ca\/fr\/wp-json\/wp\/v2\/pages\/741"}],"collection":[{"href":"https:\/\/stonebridge.ca\/fr\/wp-json\/wp\/v2\/pages"}],"about":[{"href":"https:\/\/stonebridge.ca\/fr\/wp-json\/wp\/v2\/types\/page"}],"author":[{"embeddable":true,"href":"https:\/\/stonebridge.ca\/fr\/wp-json\/wp\/v2\/users\/1"}],"replies":[{"embeddable":true,"href":"https:\/\/stonebridge.ca\/fr\/wp-json\/wp\/v2\/comments?post=741"}],"version-history":[{"count":7,"href":"https:\/\/stonebridge.ca\/fr\/wp-json\/wp\/v2\/pages\/741\/revisions"}],"predecessor-version":[{"id":2250,"href":"https:\/\/stonebridge.ca\/fr\/wp-json\/wp\/v2\/pages\/741\/revisions\/2250"}],"up":[{"embeddable":true,"href":"https:\/\/stonebridge.ca\/fr\/wp-json\/wp\/v2\/pages\/231"}],"wp:attachment":[{"href":"https:\/\/stonebridge.ca\/fr\/wp-json\/wp\/v2\/media?parent=741"}],"curies":[{"name":"wp","href":"https:\/\/api.w.org\/{rel}","templated":true}]}}