{"id":745,"date":"2012-10-23T18:16:39","date_gmt":"2012-10-23T18:16:39","guid":{"rendered":"http:\/\/w3.9thsphere.com\/stonebridge.ca\/?page_id=745"},"modified":"2015-03-23T20:17:19","modified_gmt":"2015-03-23T20:17:19","slug":"services-de-suivi-de-construction","status":"publish","type":"page","link":"https:\/\/stonebridge.ca\/fr\/administrative-services\/services-de-suivi-de-construction\/","title":{"rendered":"Services de suivi de construction"},"content":{"rendered":"<h2>Le suivi financier d\u2019un projet de construction peut \u00eatre un processus laborieux comportant de nombreuses t\u00e2ches administratives, et exigeant un passage en revue continu des rapports d\u2019avancement des travaux pr\u00e9par\u00e9s par l\u2019expert en co\u00fbts, du respect de la surveillance de la conformit\u00e9 aux documents de s\u00fbret\u00e9, de la gestion des processus de financement et du maintien des relations avec les divers intervenants.<\/h2>\n<p><strong>Stonebridge offre des services de suivi de projet de construction destin\u00e9s \u00e0 rationaliser le contr\u00f4le de la construction pour les clients et les pr\u00eateurs. Ces services comprennent :<\/strong><\/p>\n<ul>\n<li>La v\u00e9rification de la conformit\u00e9 \u00e0 la documentation sur le cr\u00e9dit pour les avances de pr\u00eat, du titrage des fonds sous entiercement et de la conversion du pr\u00eat de construction en un pr\u00eat \u00e0 terme<\/li>\n<li>La collecte et la r\u00e9vision de tous les certificats, rapports et documents n\u00e9cessaires en vertu de l\u2019accord de cr\u00e9dit<\/li>\n<li>L\u2019identification des \u00e9carts et des d\u00e9passements du budget de la construction durant la p\u00e9riode de construction, et la recommandation de mesures appropri\u00e9es pour faire en sorte que les ressources restent disponibles pour achever le projet<\/li>\n<li>La remise aux pr\u00eateurs d\u2019un rapport sur le suivi de la construction, contenant les variances et les d\u00e9passements de co\u00fbts par rapport au budget.<\/li>\n<li>La gestion et le suivi des fonds sous entiercement pour la construction.<\/li>\n<li>Des visites p\u00e9riodiques sur les sites de construction<\/li>\n<\/ul>\n<p><strong>Les avantages de nos services de suivi de projet de construction, pour nos clients, comportent :<\/strong><\/p>\n<ul>\n<li>Une source unique pour g\u00e9rer les communications avec les pr\u00eateurs<\/li>\n<li>Une source centralis\u00e9e pour la gestion des communications et la r\u00e9solution de probl\u00e8mes avec les divers intervenants<\/li>\n<\/ul>\n<p><a href=\"http:\/\/stonebridge.ca\/fr\/contact-us-2\/\">Pour nous joindre<\/a> ou pour en savoir plus.<\/p>\n","protected":false},"excerpt":{"rendered":"<p>Le suivi financier d\u2019un projet de construction peut \u00eatre un processus laborieux comportant de nombreuses t\u00e2ches administratives, et exigeant un passage en revue continu des rapports d\u2019avancement des travaux pr\u00e9par\u00e9s par l\u2019expert en co\u00fbts, du respect de la surveillance de &hellip; <a href=\"https:\/\/stonebridge.ca\/fr\/administrative-services\/services-de-suivi-de-construction\/\">Continue reading <span class=\"arrow\"><\/span><\/a><\/p>\n","protected":false},"author":1,"featured_media":0,"parent":231,"menu_order":1,"comment_status":"open","ping_status":"open","template":"page-services.php","meta":{"footnotes":"","_links_to":"","_links_to_target":""},"aioseo_notices":[],"_links":{"self":[{"href":"https:\/\/stonebridge.ca\/fr\/wp-json\/wp\/v2\/pages\/745"}],"collection":[{"href":"https:\/\/stonebridge.ca\/fr\/wp-json\/wp\/v2\/pages"}],"about":[{"href":"https:\/\/stonebridge.ca\/fr\/wp-json\/wp\/v2\/types\/page"}],"author":[{"embeddable":true,"href":"https:\/\/stonebridge.ca\/fr\/wp-json\/wp\/v2\/users\/1"}],"replies":[{"embeddable":true,"href":"https:\/\/stonebridge.ca\/fr\/wp-json\/wp\/v2\/comments?post=745"}],"version-history":[{"count":4,"href":"https:\/\/stonebridge.ca\/fr\/wp-json\/wp\/v2\/pages\/745\/revisions"}],"predecessor-version":[{"id":1463,"href":"https:\/\/stonebridge.ca\/fr\/wp-json\/wp\/v2\/pages\/745\/revisions\/1463"}],"up":[{"embeddable":true,"href":"https:\/\/stonebridge.ca\/fr\/wp-json\/wp\/v2\/pages\/231"}],"wp:attachment":[{"href":"https:\/\/stonebridge.ca\/fr\/wp-json\/wp\/v2\/media?parent=745"}],"curies":[{"name":"wp","href":"https:\/\/api.w.org\/{rel}","templated":true}]}}